{"id":24842,"date":"2025-12-15T13:24:35","date_gmt":"2025-12-15T12:24:35","guid":{"rendered":"https:\/\/angelaie.com\/?page_id=24842"},"modified":"2025-12-15T13:44:53","modified_gmt":"2025-12-15T12:44:53","slug":"descargar-infografa-propuesta-final-esrs","status":"publish","type":"page","link":"https:\/\/angelaie.com\/en\/descargar-infografa-propuesta-final-esrs\/","title":{"rendered":"Descargar Infograf\u00eda | Propuesta de simplificaci\u00f3n final ESRS"},"content":{"rendered":"<div data-elementor-type=\"wp-page\" data-elementor-id=\"24842\" class=\"elementor elementor-24842\">\n\t\t\t\t<div class=\"elementor-element elementor-element-5d8eedac e-flex e-con-boxed wcf-starter-animations-none e-con e-parent\" data-id=\"5d8eedac\" data-element_type=\"container\" data-e-type=\"container\" data-settings=\"{&quot;wcf_enable_cursor_hover_effect_text&quot;:&quot;View&quot;,&quot;wcf-animation&quot;:&quot;none&quot;,&quot;wcf_pin_breakpoint&quot;:&quot;mobile&quot;}\">\n\t\t\t\t\t<div class=\"e-con-inner\">\n\t\t<div class=\"elementor-element elementor-element-1d01730 e-flex e-con-boxed wcf-starter-animations-none e-con e-child\" data-id=\"1d01730\" data-element_type=\"container\" data-e-type=\"container\" data-settings=\"{&quot;wcf_enable_cursor_hover_effect_text&quot;:&quot;View&quot;,&quot;wcf-animation&quot;:&quot;none&quot;,&quot;wcf_pin_breakpoint&quot;:&quot;mobile&quot;}\">\n\t\t\t\t\t<div class=\"e-con-inner\">\n\t\t<div class=\"elementor-element elementor-element-19570df e-con-full request_left e-flex wcf-starter-animations-none e-con e-child\" data-id=\"19570df\" data-element_type=\"container\" data-e-type=\"container\" data-settings=\"{&quot;background_background&quot;:&quot;classic&quot;,&quot;wcf_enable_cursor_hover_effect_text&quot;:&quot;View&quot;,&quot;wcf-animation&quot;:&quot;none&quot;,&quot;wcf_pin_breakpoint&quot;:&quot;mobile&quot;}\">\n\t\t<div class=\"elementor-element elementor-element-e81121d e-con-full e-flex wcf-starter-animations-none e-con e-child\" data-id=\"e81121d\" data-element_type=\"container\" data-e-type=\"container\" data-settings=\"{&quot;wcf_enable_cursor_hover_effect_text&quot;:&quot;View&quot;,&quot;wcf-animation&quot;:&quot;none&quot;,&quot;wcf_pin_breakpoint&quot;:&quot;mobile&quot;}\">\n\t\t\t\t<div class=\"elementor-element elementor-element-3bf4279 elementor-widget__width-initial wcf-starter-animations-none wcf-t-animation-none elementor-widget elementor-widget-wcf--title\" data-id=\"3bf4279\" data-element_type=\"widget\" data-e-type=\"widget\" data-settings=\"{&quot;wcf-animation&quot;:&quot;fade&quot;,&quot;fade-from&quot;:&quot;bottom&quot;,&quot;data-duration&quot;:0.75,&quot;fade-offset&quot;:40,&quot;wcf_starter_animations&quot;:&quot;none&quot;,&quot;wcf_anim_duration&quot;:1000,&quot;wcf_anim_delay&quot;:0,&quot;wcf_anim_ease&quot;:&quot;ease&quot;,&quot;wcf_text_animation&quot;:&quot;none&quot;,&quot;delay&quot;:0.15,&quot;on-scroll&quot;:1,&quot;ease&quot;:&quot;power2.out&quot;}\" data-widget_type=\"wcf--title.default\">\n\t\t\t\t<div class=\"elementor-widget-container\">\n\t\t\t\t\t<h5 class=\"wcf--title\">#ESRS<\/h5>\t\t\t\t<\/div>\n\t\t\t\t<\/div>\n\t\t\t\t<div class=\"elementor-element elementor-element-504ba90 elementor-widget__width-initial wcf-starter-animations-none wcf-t-animation-none elementor-widget elementor-widget-wcf--title\" data-id=\"504ba90\" data-element_type=\"widget\" data-e-type=\"widget\" data-settings=\"{&quot;wcf-animation&quot;:&quot;fade&quot;,&quot;fade-from&quot;:&quot;bottom&quot;,&quot;data-duration&quot;:0.75,&quot;fade-offset&quot;:40,&quot;wcf_starter_animations&quot;:&quot;none&quot;,&quot;wcf_anim_duration&quot;:1000,&quot;wcf_anim_delay&quot;:0,&quot;wcf_anim_ease&quot;:&quot;ease&quot;,&quot;wcf_text_animation&quot;:&quot;none&quot;,&quot;delay&quot;:0.15,&quot;on-scroll&quot;:1,&quot;ease&quot;:&quot;power2.out&quot;}\" data-widget_type=\"wcf--title.default\">\n\t\t\t\t<div class=\"elementor-widget-container\">\n\t\t\t\t\t<h5 class=\"wcf--title\">#regulaci\u00f3n<\/h5>\t\t\t\t<\/div>\n\t\t\t\t<\/div>\n\t\t\t\t<\/div>\n\t\t\t\t<div class=\"elementor-element elementor-element-a475ed9 elementor-widget-mobile_extra__width-inherit wcf-starter-animations-none wcf-t-animation-none elementor-widget elementor-widget-wcf--title\" data-id=\"a475ed9\" data-element_type=\"widget\" data-e-type=\"widget\" data-settings=\"{&quot;wcf-animation&quot;:&quot;fade&quot;,&quot;fade-from&quot;:&quot;bottom&quot;,&quot;data-duration&quot;:0.75,&quot;fade-offset&quot;:40,&quot;wcf_starter_animations&quot;:&quot;none&quot;,&quot;wcf_anim_duration&quot;:1000,&quot;wcf_anim_delay&quot;:0,&quot;wcf_anim_ease&quot;:&quot;ease&quot;,&quot;wcf_text_animation&quot;:&quot;none&quot;,&quot;delay&quot;:0.15,&quot;on-scroll&quot;:1,&quot;ease&quot;:&quot;power2.out&quot;}\" data-widget_type=\"wcf--title.default\">\n\t\t\t\t<div class=\"elementor-widget-container\">\n\t\t\t\t\t<h2 class=\"wcf--title\">Propuesta de simplificaci\u00f3n final ESRS<\/h2>\t\t\t\t<\/div>\n\t\t\t\t<\/div>\n\t\t\t\t<div class=\"elementor-element elementor-element-9b8cb8d elementor-widget__width-initial elementor-widget-mobile_extra__width-inherit wcf-starter-animations-none wcf-t-animation-none elementor-widget elementor-widget-text-editor\" data-id=\"9b8cb8d\" data-element_type=\"widget\" data-e-type=\"widget\" data-settings=\"{&quot;wcf-animation&quot;:&quot;fade&quot;,&quot;fade-from&quot;:&quot;bottom&quot;,&quot;data-duration&quot;:0.75,&quot;fade-offset&quot;:40,&quot;wcf_starter_animations&quot;:&quot;none&quot;,&quot;wcf_anim_duration&quot;:1000,&quot;wcf_anim_delay&quot;:0,&quot;wcf_anim_ease&quot;:&quot;ease&quot;,&quot;wcf_text_animation&quot;:&quot;none&quot;,&quot;delay&quot;:0.15,&quot;on-scroll&quot;:1,&quot;ease&quot;:&quot;power2.out&quot;}\" data-widget_type=\"text-editor.default\">\n\t\t\t\t<div class=\"elementor-widget-container\">\n\t\t\t\t\t\t\t\t\t<p><b>Los cambios principales en el marco de reporte de sostenibilidad europeo<\/b><\/p>\t\t\t\t\t\t\t\t<\/div>\n\t\t\t\t<\/div>\n\t\t\t\t<div class=\"elementor-element elementor-element-f24aeb9 elementor-widget-divider--view-line elementor-widget elementor-widget-divider\" data-id=\"f24aeb9\" data-element_type=\"widget\" data-e-type=\"widget\" data-settings=\"{&quot;wcf-animation&quot;:&quot;none&quot;}\" data-widget_type=\"divider.default\">\n\t\t\t\t<div class=\"elementor-widget-container\">\n\t\t\t\t\t\t\t<div class=\"elementor-divider\">\n\t\t\t<span class=\"elementor-divider-separator\">\n\t\t\t\t\t\t<\/span>\n\t\t<\/div>\n\t\t\t\t\t\t<\/div>\n\t\t\t\t<\/div>\n\t\t\t\t<div class=\"elementor-element elementor-element-d1f9fb7 wcf-starter-animations-none wcf-t-animation-none elementor-widget elementor-widget-text-editor\" data-id=\"d1f9fb7\" data-element_type=\"widget\" data-e-type=\"widget\" data-settings=\"{&quot;wcf_starter_animations&quot;:&quot;none&quot;,&quot;wcf_anim_duration&quot;:1000,&quot;wcf_anim_delay&quot;:0,&quot;wcf_anim_ease&quot;:&quot;ease&quot;,&quot;wcf_text_animation&quot;:&quot;none&quot;,&quot;wcf-animation&quot;:&quot;none&quot;}\" data-widget_type=\"text-editor.default\">\n\t\t\t\t<div class=\"elementor-widget-container\">\n\t\t\t\t\t\t\t\t\t<p>En un momento de revisi\u00f3n del marco de sostenibilidad europeo, las empresas que entienden los <strong>ESRS como una herramienta estrat\u00e9gica y no solo como una obligaci\u00f3n de reporte<\/strong> son las que mejor se est\u00e1n preparando para el nuevo escenario regulatorio.<\/p><p>Esta infograf\u00eda analiza y resume la <strong>propuesta final de simplificaci\u00f3n de los ESRS presentada por EFRAG<\/strong>, destacando qu\u00e9 cambia realmente en materia de materialidad, pol\u00edticas, m\u00e9tricas y phase-ins.<\/p><p>El objetivo es ayudarte a interpretar los cambios desde una perspectiva pr\u00e1ctica: <strong>qu\u00e9 reportar, c\u00f3mo reorganizar el reporting y c\u00f3mo alinear los nuevos requisitos con tu modelo de negocio y tu estrategia<\/strong>.<\/p><p>Adem\u00e1s, si lo deseas, podr\u00e1s <strong>agendar una reuni\u00f3n con nuestro equipo<\/strong> para identificar los pr\u00f3ximos pasos m\u00e1s adecuados para tu empresa y anticiparte a la adopci\u00f3n definitiva de los ESRS por parte de la Comisi\u00f3n Europea.<\/p><p class=\"mcePastedContent\"><span data-teams=\"true\">\u00a0<\/span><\/p>\t\t\t\t\t\t\t\t<\/div>\n\t\t\t\t<\/div>\n\t\t\t\t<div class=\"elementor-element elementor-element-3e11023 elementor-widget elementor-widget-html\" data-id=\"3e11023\" data-element_type=\"widget\" data-e-type=\"widget\" data-settings=\"{&quot;wcf-animation&quot;:&quot;none&quot;}\" data-widget_type=\"html.default\">\n\t\t\t\t<div class=\"elementor-widget-container\">\n\t\t\t\t\t<style>\n    .ff_conv_app_44 { background-color: #FFFFFF; }.ff_conv_app_44 .ffc-counter-div span { color: #0445AF; }.ff_conv_app_44 .ffc-counter-div .counter-icon-span svg { fill: #0445AF !important; }.ff_conv_app_44 .f-label-wrap, .ff_conv_app_44 .f-answer { color: #0445AF !important; }.ff_conv_app_44 .f-label-wrap .f-key { border-color: #0445AF !important; }.ff_conv_app_44 .f-label-wrap .f-key-hint { border-color: #0445AF !important; }.ff_conv_app_44 .f-answer .f-radios-wrap ul li { background-color: rgba(4,69,175, 0.1) !important; border: 1px solid #0445AF; }.ff_conv_app_44 .f-answer .f-radios-wrap ul li:focus { background-color: rgba(4,69,175, 0.3) !important }.ff_conv_app_44 .f-answer .f-radios-wrap ul li:hover { background-color: rgba(4,69,175, 0.3) !important }.ff_conv_app_44 .f-answer .f-radios-wrap ul li.f-selected .f-key { background-color: #0445AF !important; color: white; }.ff_conv_app_44 .f-answer .f-radios-wrap ul li.f-selected .f-key-hint { background-color: #0445AF; }.ff_conv_app_44 .f-answer .f-radios-wrap ul li.f-selected svg { fill: #0445AF !important; }.ff_conv_app_44 .f-answer input, .ff_conv_app_44 .f-answer textarea{ color: #0445AF !important; box-shadow: #0445AF  0px 1px; }.ff_conv_app_44 .f-answer input:focus, .ff_conv_app_44 .f-answer textarea:focus { box-shadow: #0445AF  0px 2px !important; }.ff_conv_app_44 .f-answer textarea::placeholder, .ff_conv_app_44 .f-answer input::placeholder { color: #0445AF !important; }.ff_conv_app_44 .text-success { color: #0445AF !important; }.ff_conv_app_44 .f-answer .f-matrix-table tbody td { background-color: rgba(4,69,175, 0.1); }.ff_conv_app_44 .f-answer .f-matrix-table input { border-color: rgba(4,69,175, 0.8); }.ff_conv_app_44 .f-answer .f-matrix-table input.f-radio-control:checked::after { background-color: #0445AF; }.ff_conv_app_44 .f-answer .f-matrix-table input:focus::before { border-color: #0445AF; }.ff_conv_app_44 .f-answer .f-matrix-table input.f-checkbox-control:checked { background-color: #0445AF; }.ff_conv_app_44 .f-answer .f-matrix-table tbody tr::after { border-right-color: #0445AF; }.ff_conv_app_44 .f-answer .f-matrix-table .f-table-cell.f-row-cell { box-shadow: rgba(4,69,175, 0.1) 0px 0px 0px 100vh inset; }.ff_conv_app_44 .f-answer .ff_file_upload_field_wrap { background-color: rgba(4,69,175, 0.1); border-color: rgba(4,69,175, 0.8); }.ff_conv_app_44 .f-answer .ff_file_upload_field_wrap:hover { background-color: rgba(4,69,175, 0.3);}.ff_conv_app_44 .f-answer .ff_file_upload_field_wrap:focus-within { background-color: rgba(4,69,175, 0.3); }.ff_conv_app_44 .f-answer .ff-upload-preview { border-color: rgba(4,69,175, 0.8); }.ff_conv_app_44 .f-answer .ff-upload-preview .ff-upload-thumb { background-color: rgba(4,69,175, 0.3); }.ff_conv_app_44 .f-answer .ff-upload-preview .ff-upload-details { border-left-color: rgba(4,69,175, 0.8); }.ff_conv_app_44 .f-answer .ff-upload-preview .ff-upload-details .ff-el-progress { border-left-color: rgba(4,69,175, 0.8); }.ff_conv_app_44 .f-answer .ff-upload-preview .ff-upload-details .ff-el-progress { background-color: rgba(4,69,175, 0.1); }.ff_conv_app_44 .f-answer .ff-upload-preview .ff-upload-details .ff-el-progress .ff-el-progress-bar { background-color: #0445AF; }.ff_conv_app_44 .f-answer .f-star-wrap .f-star-field-wrap::before { background-color: #0445AF; }.ff_conv_app_44 .f-answer .f-star-wrap .f-star-field-wrap .f-star-field .f-star-field-star .symbolOutline { fill: #0445AF; }.ff_conv_app_44 .f-answer .f-star-wrap .f-star-field-wrap .f-star-field .f-star-field-rating { color: #0445AF; }.ff_conv_app_44 .f-answer .f-star-wrap .f-star-field-wrap.is-hovered .symbolFill { fill: rgba(4,69,175, 0.1); }.ff_conv_app_44 .f-answer .f-star-wrap .f-star-field-wrap.is-selected .symbolFill { fill: #0445AF; }.ff_conv_app_44 .f-answer .f-payment-summary-wrap tbody td { background-color: rgba(4,69,175, 0.1); }.ff_conv_app_44 .f-answer .f-payment-summary-wrap tfoot th { background-color: rgba(4,69,175, 0.1); }.ff_conv_app_44 .f-answer .stripe-inline-holder { border-bottom: 1px solid #0445AF; }.ff_conv_app_44 .f-answer .StripeElement--focus { border-bottom: 2.5px solid #0445AF; }.ff_conv_app_44 .ff_conv_input .f-info { color: #0445AF; }.ff_conv_app_44 .fh2 .f-text { color: #191919; }.ff_conv_app_44 .fh2 .f-tagline, .ff_conv_app_44 .f-sub .f-help { color: rgba(25,25,25, 0.70); }.ff_conv_app_44 .fh2 .stripe-inline-header { color: #191919; }.ff_conv_app_44 .q-inner .o-btn-action, .ff_conv_app_44 .footer-inner-wrap .f-nav { background-color: #0445AF; }.ff_conv_app_44 .q-inner .o-btn-action span, .ff_conv_app_44 .footer-inner-wrap .f-nav a { color: #FFFFFF; } .ff_conv_app_44 .f-enter .f-enter-desc { color: #0445AF; }.ff_conv_app_44 .footer-inner-wrap .f-nav a svg { fill: #FFFFFF; }.ff_conv_app_44 .vff-footer .f-progress-bar { background-color: rgba(4,69,175, 0.3); }.ff_conv_app_44 .vff-footer .f-progress-bar-inner { background-color: #0445AF; }.ff_conv_app_44 .q-inner .o-btn-action:hover { background-color: #0445AFD6; }.ff_conv_app_44 .q-inner .o-btn-action:focus::after { border-radius: 6px; inset: -3px; box-shadow: #0445AF 0px 0px 0px 2px; }.ff_conv_app_44 .f-answer .f-radios-wrap ul li.f-selected .f-key { color: #FFFFFF; } .ff-btn-submit { background-color: #1a7efb; color: #ffffff; }<\/style>\n<div class=\"ffc_conv_wrapper ffc_inline_form\">\n    <div class=\"frm-fluent-form ff_conv_app fluent_form_44 ff_conv_app_frame ff_conv_app_44 ffc_media_hide_mob_no\" data-form_id=\"44\">\n        <div data-var_name=\"fluent_forms_global_var_1\" class=\"ffc_conv_form\" style=\"width: 100%\" id=\"ffc_app_instance_1\"><\/div>\n    <\/div>\n<\/div>\n\t\t\t\t<\/div>\n\t\t\t\t<\/div>\n\t\t\t\t<\/div>\n\t\t<div class=\"elementor-element elementor-element-601b5d1 e-con-full elementor-hidden-tablet_extra elementor-hidden-tablet elementor-hidden-mobile_extra elementor-hidden-mobile e-flex wcf-starter-animations-none e-con e-child\" data-id=\"601b5d1\" data-element_type=\"container\" data-e-type=\"container\" data-settings=\"{&quot;background_background&quot;:&quot;classic&quot;,&quot;wcf_enable_cursor_hover_effect_text&quot;:&quot;View&quot;,&quot;wcf-animation&quot;:&quot;none&quot;,&quot;wcf_pin_breakpoint&quot;:&quot;mobile&quot;}\">\n\t\t\t\t<div class=\"elementor-element elementor-element-e9c9456 elementor-widget__width-initial wcf-starter-animations-none wcf-t-animation-none elementor-widget elementor-widget-wcf--title\" data-id=\"e9c9456\" data-element_type=\"widget\" data-e-type=\"widget\" data-settings=\"{&quot;wcf-animation&quot;:&quot;fade&quot;,&quot;fade-from&quot;:&quot;bottom&quot;,&quot;data-duration&quot;:0.75,&quot;fade-offset&quot;:40,&quot;wcf_starter_animations&quot;:&quot;none&quot;,&quot;wcf_anim_duration&quot;:1000,&quot;wcf_anim_delay&quot;:0,&quot;wcf_anim_ease&quot;:&quot;ease&quot;,&quot;wcf_text_animation&quot;:&quot;none&quot;,&quot;delay&quot;:0.15,&quot;on-scroll&quot;:1,&quot;ease&quot;:&quot;power2.out&quot;}\" data-widget_type=\"wcf--title.default\">\n\t\t\t\t<div class=\"elementor-widget-container\">\n\t\t\t\t\t<h5 class=\"wcf--title\">Cons\u00edguelo rellenando el formulario<\/h5>\t\t\t\t<\/div>\n\t\t\t\t<\/div>\n\t\t\t\t<div class=\"elementor-element elementor-element-958f3a3 elementor-widget elementor-widget-wcf--floating-elements\" data-id=\"958f3a3\" data-element_type=\"widget\" data-e-type=\"widget\" data-settings=\"{&quot;wcf-animation&quot;:&quot;none&quot;}\" data-widget_type=\"wcf--floating-elements.default\">\n\t\t\t\t<div class=\"elementor-widget-container\">\n\t\t\t\t\t\t\t<div class=\"wcf--floating-elements\">\r\n\t\t\t                <div class=\"floating-element wcf-live-anim-float elementor-repeater-item-bcc04c4\" data-speed=\"0.9\" data-lag=\"0.5\">\r\n\t\t\t\t\t<img decoding=\"async\" src=\"https:\/\/angelaie.com\/wp-content\/uploads\/2025\/01\/Angelaie-icon.svg\" alt=\"Angelaie icon\" \/>\t\t\t\t<\/div>\r\n\t\t\t\t\t\t<\/div>\r\n\t\t\t\t\t\t<\/div>\n\t\t\t\t<\/div>\n\t\t\t\t<div class=\"elementor-element elementor-element-be44218 wcf-starter-animations-none elementor-widget elementor-widget-image\" data-id=\"be44218\" data-element_type=\"widget\" data-e-type=\"widget\" data-settings=\"{&quot;wcf-animation&quot;:&quot;fade&quot;,&quot;fade-from&quot;:&quot;bottom&quot;,&quot;data-duration&quot;:0.75,&quot;fade-offset&quot;:40,&quot;wcf_starter_animations&quot;:&quot;none&quot;,&quot;wcf_anim_duration&quot;:1000,&quot;wcf_anim_delay&quot;:0,&quot;wcf_anim_ease&quot;:&quot;ease&quot;,&quot;wcf-image-animation&quot;:&quot;none&quot;,&quot;delay&quot;:0.15,&quot;on-scroll&quot;:1,&quot;ease&quot;:&quot;power2.out&quot;}\" data-widget_type=\"image.default\">\n\t\t\t\t<div class=\"elementor-widget-container\">\n\t\t\t\t\t\t\t\t\t\t\t\t\t\t\t<img fetchpriority=\"high\" decoding=\"async\" width=\"1108\" height=\"930\" src=\"https:\/\/angelaie.com\/wp-content\/uploads\/2025\/12\/HuelladeCarbono.png\" class=\"attachment-full size-full wp-image-24843\" alt=\"\" srcset=\"https:\/\/angelaie.com\/wp-content\/uploads\/2025\/12\/HuelladeCarbono.png 1108w, https:\/\/angelaie.com\/wp-content\/uploads\/2025\/12\/HuelladeCarbono-300x252.png 300w, https:\/\/angelaie.com\/wp-content\/uploads\/2025\/12\/HuelladeCarbono-1024x859.png 1024w, https:\/\/angelaie.com\/wp-content\/uploads\/2025\/12\/HuelladeCarbono-768x645.png 768w, https:\/\/angelaie.com\/wp-content\/uploads\/2025\/12\/HuelladeCarbono-14x12.png 14w\" sizes=\"(max-width: 1108px) 100vw, 1108px\" \/>\t\t\t\t\t\t\t\t\t\t\t\t\t\t\t<\/div>\n\t\t\t\t<\/div>\n\t\t\t\t<\/div>\n\t\t\t\t\t<\/div>\n\t\t\t\t<\/div>\n\t\t\t\t\t<\/div>\n\t\t\t\t<\/div>\n\t\t\t\t<\/div>","protected":false},"excerpt":{"rendered":"<p>#ESRS#regulaci\u00f3nPropuesta de simplificaci\u00f3n final ESRS Los cambios principales en el marco de reporte de sostenibilidad europeo En un momento de revisi\u00f3n del marco de sostenibilidad europeo, las empresas que entienden los ESRS como una herramienta estrat\u00e9gica y no solo como una obligaci\u00f3n de reporte son las que mejor se est\u00e1n preparando para el nuevo escenario [&hellip;]<\/p>\n","protected":false},"author":1,"featured_media":0,"parent":0,"menu_order":0,"comment_status":"closed","ping_status":"closed","template":"elementor_header_footer","meta":{"footnotes":""},"class_list":["post-24842","page","type-page","status-publish","hentry"],"yoast_head":"<!-- This site is optimized with the Yoast SEO plugin v27.5 - https:\/\/yoast.com\/product\/yoast-seo-wordpress\/ -->\n<title>Descargar Infograf\u00eda | Propuesta de simplificaci\u00f3n final ESRS - \u00c2ngela Impact Economy<\/title>\n<meta name=\"robots\" content=\"index, follow, max-snippet:-1, max-image-preview:large, max-video-preview:-1\" \/>\n<link rel=\"canonical\" href=\"https:\/\/angelaie.com\/en\/descargar-infografa-propuesta-final-esrs\/\" \/>\n<meta property=\"og:locale\" content=\"en_GB\" \/>\n<meta property=\"og:type\" content=\"article\" \/>\n<meta property=\"og:title\" content=\"Descargar Infograf\u00eda | Propuesta de simplificaci\u00f3n final ESRS - \u00c2ngela Impact Economy\" \/>\n<meta property=\"og:description\" content=\"#ESRS#regulaci\u00f3nPropuesta de simplificaci\u00f3n final ESRS Los cambios principales en el marco de reporte de sostenibilidad europeo En un momento de revisi\u00f3n del marco de sostenibilidad europeo, las empresas que entienden los ESRS como una herramienta estrat\u00e9gica y no solo como una obligaci\u00f3n de reporte son las que mejor se est\u00e1n preparando para el nuevo escenario [&hellip;]\" \/>\n<meta property=\"og:url\" content=\"https:\/\/angelaie.com\/en\/descargar-infografa-propuesta-final-esrs\/\" \/>\n<meta property=\"og:site_name\" content=\"\u00c2ngela Impact Economy\" \/>\n<meta property=\"article:modified_time\" content=\"2025-12-15T12:44:53+00:00\" \/>\n<meta property=\"og:image\" content=\"https:\/\/angelaie.com\/wp-content\/uploads\/2025\/01\/Angelaie-icon.svg\" \/>\n<meta name=\"twitter:card\" content=\"summary_large_image\" \/>\n<meta name=\"twitter:label1\" content=\"Estimated reading time\" \/>\n\t<meta name=\"twitter:data1\" content=\"1 minute\" \/>\n<script type=\"application\/ld+json\" class=\"yoast-schema-graph\">{\"@context\":\"https:\\\/\\\/schema.org\",\"@graph\":[{\"@type\":\"WebPage\",\"@id\":\"https:\\\/\\\/angelaie.com\\\/descargar-infografa-propuesta-final-esrs\\\/\",\"url\":\"https:\\\/\\\/angelaie.com\\\/descargar-infografa-propuesta-final-esrs\\\/\",\"name\":\"Descargar Infograf\u00eda | Propuesta de simplificaci\u00f3n final ESRS - \u00c2ngela Impact Economy\",\"isPartOf\":{\"@id\":\"https:\\\/\\\/angelaie.com\\\/#website\"},\"primaryImageOfPage\":{\"@id\":\"https:\\\/\\\/angelaie.com\\\/descargar-infografa-propuesta-final-esrs\\\/#primaryimage\"},\"image\":{\"@id\":\"https:\\\/\\\/angelaie.com\\\/descargar-infografa-propuesta-final-esrs\\\/#primaryimage\"},\"thumbnailUrl\":\"https:\\\/\\\/angelaie.com\\\/wp-content\\\/uploads\\\/2025\\\/01\\\/Angelaie-icon.svg\",\"datePublished\":\"2025-12-15T12:24:35+00:00\",\"dateModified\":\"2025-12-15T12:44:53+00:00\",\"breadcrumb\":{\"@id\":\"https:\\\/\\\/angelaie.com\\\/descargar-infografa-propuesta-final-esrs\\\/#breadcrumb\"},\"inLanguage\":\"en-GB\",\"potentialAction\":[{\"@type\":\"ReadAction\",\"target\":[\"https:\\\/\\\/angelaie.com\\\/descargar-infografa-propuesta-final-esrs\\\/\"]}]},{\"@type\":\"ImageObject\",\"inLanguage\":\"en-GB\",\"@id\":\"https:\\\/\\\/angelaie.com\\\/descargar-infografa-propuesta-final-esrs\\\/#primaryimage\",\"url\":\"https:\\\/\\\/angelaie.com\\\/wp-content\\\/uploads\\\/2025\\\/01\\\/Angelaie-icon.svg\",\"contentUrl\":\"https:\\\/\\\/angelaie.com\\\/wp-content\\\/uploads\\\/2025\\\/01\\\/Angelaie-icon.svg\"},{\"@type\":\"BreadcrumbList\",\"@id\":\"https:\\\/\\\/angelaie.com\\\/descargar-infografa-propuesta-final-esrs\\\/#breadcrumb\",\"itemListElement\":[{\"@type\":\"ListItem\",\"position\":1,\"name\":\"Portada\",\"item\":\"https:\\\/\\\/angelaie.com\\\/\"},{\"@type\":\"ListItem\",\"position\":2,\"name\":\"Descargar Infograf\u00eda | Propuesta de simplificaci\u00f3n final ESRS\"}]},{\"@type\":\"WebSite\",\"@id\":\"https:\\\/\\\/angelaie.com\\\/#website\",\"url\":\"https:\\\/\\\/angelaie.com\\\/\",\"name\":\"\u00c2ngela Impact Economy\",\"description\":\"\",\"potentialAction\":[{\"@type\":\"SearchAction\",\"target\":{\"@type\":\"EntryPoint\",\"urlTemplate\":\"https:\\\/\\\/angelaie.com\\\/?s={search_term_string}\"},\"query-input\":{\"@type\":\"PropertyValueSpecification\",\"valueRequired\":true,\"valueName\":\"search_term_string\"}}],\"inLanguage\":\"en-GB\"}]}<\/script>\n<!-- \/ Yoast SEO plugin. -->","yoast_head_json":{"title":"Descargar Infograf\u00eda | Propuesta de simplificaci\u00f3n final ESRS - \u00c2ngela Impact Economy","robots":{"index":"index","follow":"follow","max-snippet":"max-snippet:-1","max-image-preview":"max-image-preview:large","max-video-preview":"max-video-preview:-1"},"canonical":"https:\/\/angelaie.com\/en\/descargar-infografa-propuesta-final-esrs\/","og_locale":"en_GB","og_type":"article","og_title":"Descargar Infograf\u00eda | Propuesta de simplificaci\u00f3n final ESRS - \u00c2ngela Impact Economy","og_description":"#ESRS#regulaci\u00f3nPropuesta de simplificaci\u00f3n final ESRS Los cambios principales en el marco de reporte de sostenibilidad europeo En un momento de revisi\u00f3n del marco de sostenibilidad europeo, las empresas que entienden los ESRS como una herramienta estrat\u00e9gica y no solo como una obligaci\u00f3n de reporte son las que mejor se est\u00e1n preparando para el nuevo escenario [&hellip;]","og_url":"https:\/\/angelaie.com\/en\/descargar-infografa-propuesta-final-esrs\/","og_site_name":"\u00c2ngela Impact Economy","article_modified_time":"2025-12-15T12:44:53+00:00","og_image":[{"url":"https:\/\/angelaie.com\/wp-content\/uploads\/2025\/01\/Angelaie-icon.svg","type":"","width":"","height":""}],"twitter_card":"summary_large_image","twitter_misc":{"Estimated reading time":"1 minute"},"schema":{"@context":"https:\/\/schema.org","@graph":[{"@type":"WebPage","@id":"https:\/\/angelaie.com\/descargar-infografa-propuesta-final-esrs\/","url":"https:\/\/angelaie.com\/descargar-infografa-propuesta-final-esrs\/","name":"Descargar Infograf\u00eda | Propuesta de simplificaci\u00f3n final ESRS - \u00c2ngela Impact Economy","isPartOf":{"@id":"https:\/\/angelaie.com\/#website"},"primaryImageOfPage":{"@id":"https:\/\/angelaie.com\/descargar-infografa-propuesta-final-esrs\/#primaryimage"},"image":{"@id":"https:\/\/angelaie.com\/descargar-infografa-propuesta-final-esrs\/#primaryimage"},"thumbnailUrl":"https:\/\/angelaie.com\/wp-content\/uploads\/2025\/01\/Angelaie-icon.svg","datePublished":"2025-12-15T12:24:35+00:00","dateModified":"2025-12-15T12:44:53+00:00","breadcrumb":{"@id":"https:\/\/angelaie.com\/descargar-infografa-propuesta-final-esrs\/#breadcrumb"},"inLanguage":"en-GB","potentialAction":[{"@type":"ReadAction","target":["https:\/\/angelaie.com\/descargar-infografa-propuesta-final-esrs\/"]}]},{"@type":"ImageObject","inLanguage":"en-GB","@id":"https:\/\/angelaie.com\/descargar-infografa-propuesta-final-esrs\/#primaryimage","url":"https:\/\/angelaie.com\/wp-content\/uploads\/2025\/01\/Angelaie-icon.svg","contentUrl":"https:\/\/angelaie.com\/wp-content\/uploads\/2025\/01\/Angelaie-icon.svg"},{"@type":"BreadcrumbList","@id":"https:\/\/angelaie.com\/descargar-infografa-propuesta-final-esrs\/#breadcrumb","itemListElement":[{"@type":"ListItem","position":1,"name":"Portada","item":"https:\/\/angelaie.com\/"},{"@type":"ListItem","position":2,"name":"Descargar Infograf\u00eda | Propuesta de simplificaci\u00f3n final ESRS"}]},{"@type":"WebSite","@id":"https:\/\/angelaie.com\/#website","url":"https:\/\/angelaie.com\/","name":"\u00c2ngela Impact Economy","description":"","potentialAction":[{"@type":"SearchAction","target":{"@type":"EntryPoint","urlTemplate":"https:\/\/angelaie.com\/?s={search_term_string}"},"query-input":{"@type":"PropertyValueSpecification","valueRequired":true,"valueName":"search_term_string"}}],"inLanguage":"en-GB"}]}},"_links":{"self":[{"href":"https:\/\/angelaie.com\/en\/wp-json\/wp\/v2\/pages\/24842","targetHints":{"allow":["GET"]}}],"collection":[{"href":"https:\/\/angelaie.com\/en\/wp-json\/wp\/v2\/pages"}],"about":[{"href":"https:\/\/angelaie.com\/en\/wp-json\/wp\/v2\/types\/page"}],"author":[{"embeddable":true,"href":"https:\/\/angelaie.com\/en\/wp-json\/wp\/v2\/users\/1"}],"replies":[{"embeddable":true,"href":"https:\/\/angelaie.com\/en\/wp-json\/wp\/v2\/comments?post=24842"}],"version-history":[{"count":9,"href":"https:\/\/angelaie.com\/en\/wp-json\/wp\/v2\/pages\/24842\/revisions"}],"predecessor-version":[{"id":24853,"href":"https:\/\/angelaie.com\/en\/wp-json\/wp\/v2\/pages\/24842\/revisions\/24853"}],"wp:attachment":[{"href":"https:\/\/angelaie.com\/en\/wp-json\/wp\/v2\/media?parent=24842"}],"curies":[{"name":"wp","href":"https:\/\/api.w.org\/{rel}","templated":true}]}}