{"id":24575,"date":"2025-04-15T18:11:37","date_gmt":"2025-04-15T16:11:37","guid":{"rendered":"https:\/\/angelaie.com\/?page_id=24575"},"modified":"2025-04-15T18:11:37","modified_gmt":"2025-04-15T16:11:37","slug":"como-adaptar-mi-empresa-al-estandar-de-sostenibilidad-csrd","status":"publish","type":"page","link":"https:\/\/angelaie.com\/en\/como-adaptar-mi-empresa-al-estandar-de-sostenibilidad-csrd\/","title":{"rendered":"C\u00f3mo adaptar mi empresa al est\u00e1ndar de sostenibilidad CSRD"},"content":{"rendered":"<p><strong>\u00c1ngela Impact Economy<\/strong> es una empresa dedicada a impulsar el cambio hacia un futuro empresarial sostenible. A trav\u00e9s de nuestro conocimiento y herramientas digitales, ayudamos a las organizaciones a integrar la sostenibilidad en su estrategia empresarial, garantizando el cumplimiento de normativas y maximizando el impacto social y medioambiental. Aqu\u00ed te presentamos varias razones por las que tenernos en cuenta para saber <strong>C\u00f3mo adaptar mi empresa al est\u00e1ndar de sostenibilidad CSRD<\/strong>:<\/p>\n<h3 class=\"\" data-start=\"0\" data-end=\"48\">Conocimiento y comprensi\u00f3n del est\u00e1ndar CSRD<\/h3>\n<p class=\"\" data-start=\"50\" data-end=\"765\">Para adaptar tu empresa al est\u00e1ndar de sostenibilidad CSRD (Corporate Sustainability Reporting Directive), es fundamental comprender a fondo los requisitos establecidos por esta normativa europea. El CSRD ampl\u00eda las obligaciones de reporte en sostenibilidad, exigiendo a las empresas proporcionar informaci\u00f3n detallada sobre su impacto ambiental, social y de gobernanza (ESG). En \u00c1ngela Impact Economy, te ayudamos a comprender cada uno de los aspectos clave de esta directiva, incluyendo las nuevas exigencias en cuanto a la transparencia y la calidad de los informes. Nuestro equipo de expertos en sostenibilidad te orientar\u00e1 sobre c\u00f3mo interpretar las regulaciones y c\u00f3mo se aplican espec\u00edficamente a tu negocio.<\/p>\n<h3 class=\"\" data-start=\"767\" data-end=\"825\">Realizaci\u00f3n de un diagn\u00f3stico de sostenibilidad actual<\/h3>\n<p class=\"\" data-start=\"827\" data-end=\"1417\">El primer paso para adaptar tu empresa al CSRD es realizar un diagn\u00f3stico exhaustivo de tu situaci\u00f3n actual en t\u00e9rminos de sostenibilidad. Esto implica evaluar las pr\u00e1cticas y pol\u00edticas existentes en tu empresa respecto al impacto ambiental, las relaciones laborales, la gesti\u00f3n de riesgos y la gobernanza. En \u00c1ngela Impact Economy, te ayudamos a identificar las \u00e1reas que requieren atenci\u00f3n y mejora para cumplir con los nuevos est\u00e1ndares. A trav\u00e9s de una auditor\u00eda interna, determinamos las brechas y te proporcionamos recomendaciones espec\u00edficas para cumplir con los requisitos del CSRD.<\/p>\n<h3 class=\"\" data-start=\"1419\" data-end=\"1480\">Integraci\u00f3n de criterios ESG en la estrategia corporativa<\/h3>\n<p class=\"\" data-start=\"1482\" data-end=\"2212\">El CSRD no solo se trata de cumplir con los requisitos de reporte, sino de integrar los criterios de sostenibilidad en la estrategia general de tu empresa. Esto implica revisar y ajustar los procesos operativos, la cadena de suministro, la gesti\u00f3n de recursos y las pol\u00edticas laborales para garantizar que todos los aspectos de la sostenibilidad sean parte integral de tu modelo de negocio. En \u00c1ngela Impact Economy, trabajamos contigo para incorporar estos criterios ESG en tu estrategia corporativa, alineando tus objetivos de sostenibilidad con las metas de crecimiento empresarial. Este enfoque estrat\u00e9gico no solo facilitar\u00e1 el cumplimiento del CSRD, sino que tambi\u00e9n mejorar\u00e1 la competitividad y la reputaci\u00f3n de tu empresa.<\/p>\n<h3 class=\"\" data-start=\"2214\" data-end=\"2271\">Establecimiento de mecanismos de monitoreo y medici\u00f3n<\/h3>\n<p class=\"\" data-start=\"2273\" data-end=\"2934\">Una de las claves del CSRD es la necesidad de proporcionar datos verificables sobre el rendimiento en sostenibilidad. Para cumplir con este est\u00e1ndar, es necesario establecer mecanismos de monitoreo y medici\u00f3n de los indicadores ESG que se reportar\u00e1n. En \u00c1ngela Impact Economy, te ayudamos a implementar sistemas de gesti\u00f3n de datos y tecnolog\u00edas de medici\u00f3n que faciliten la recopilaci\u00f3n y el an\u00e1lisis de informaci\u00f3n sobre las emisiones de carbono, el consumo de recursos, la diversidad, el bienestar de los empleados y otros indicadores clave de sostenibilidad. Esta infraestructura permitir\u00e1 generar informes de calidad, alineados con los requisitos del CSRD.<\/p>\n<h3 class=\"\" data-start=\"2936\" data-end=\"2995\">Elaboraci\u00f3n y presentaci\u00f3n de informes conforme al CSRD<\/h3>\n<p class=\"\" data-start=\"2997\" data-end=\"3721\">Una vez que tu empresa haya integrado las pr\u00e1cticas de sostenibilidad necesarias y haya establecido los sistemas de medici\u00f3n adecuados, el siguiente paso es la elaboraci\u00f3n de los informes de sostenibilidad conforme a los requisitos del CSRD. Estos informes deben ser claros, detallados y basados en datos verificables. En \u00c1ngela Impact Economy, te ayudamos a preparar estos informes, asegur\u00e1ndonos de que cumplan con los est\u00e1ndares de calidad, transparencia y precisi\u00f3n exigidos por el CSRD. Adem\u00e1s, ofrecemos asistencia en la validaci\u00f3n externa de estos informes, garantizando que la informaci\u00f3n proporcionada sea cre\u00edble y cumpla con las expectativas de las partes interesadas, como inversores, reguladores y consumidores.<\/p>\n<h3 class=\"\" data-start=\"3723\" data-end=\"3781\">Capacitaci\u00f3n y formaci\u00f3n para el cumplimiento continuo<\/h3>\n<p class=\"\" data-start=\"3783\" data-end=\"4436\">El cumplimiento del CSRD no es un proceso puntual, sino un compromiso a largo plazo con la sostenibilidad. Por ello, en \u00c1ngela Impact Economy ofrecemos capacitaci\u00f3n continua para tu equipo, asegur\u00e1ndonos de que est\u00e9n al tanto de los requisitos del CSRD y de c\u00f3mo deben integrar la sostenibilidad en sus responsabilidades diarias. Esto incluye formaci\u00f3n sobre c\u00f3mo gestionar los riesgos ESG, c\u00f3mo aplicar las pol\u00edticas de sostenibilidad en el d\u00eda a d\u00eda y c\u00f3mo generar informes precisos. Al capacitar a tu equipo, garantizamos que tu empresa no solo cumpla con las regulaciones, sino que se convierta en un referente en sostenibilidad a nivel corporativo.<\/p>\n<p>Si est\u00e1s interesado en <strong>C\u00f3mo adaptar mi empresa al est\u00e1ndar de sostenibilidad CSRD<\/strong>, no dudes en escribirnos a trav\u00e9s del siguiente formulario:<\/p>\n\n<div class=\"wpcf7 no-js\" id=\"wpcf7-f15153-o1\" lang=\"en-US\" dir=\"ltr\" data-wpcf7-id=\"15153\">\n<div class=\"screen-reader-response\"><p role=\"status\" aria-live=\"polite\" aria-atomic=\"true\"><\/p> <ul><\/ul><\/div>\n<form action=\"\/en\/wp-json\/wp\/v2\/pages\/24575#wpcf7-f15153-o1\" method=\"post\" class=\"wpcf7-form init\" aria-label=\"Contact form\" novalidate=\"novalidate\" data-status=\"init\" data-trp-original-action=\"\/en\/wp-json\/wp\/v2\/pages\/24575#wpcf7-f15153-o1\">\n<fieldset class=\"hidden-fields-container\"><input type=\"hidden\" name=\"_wpcf7\" value=\"15153\" \/><input type=\"hidden\" name=\"_wpcf7_version\" value=\"6.1.5\" \/><input type=\"hidden\" name=\"_wpcf7_locale\" value=\"en_US\" \/><input type=\"hidden\" name=\"_wpcf7_unit_tag\" value=\"wpcf7-f15153-o1\" \/><input type=\"hidden\" name=\"_wpcf7_container_post\" value=\"0\" \/><input type=\"hidden\" name=\"_wpcf7_posted_data_hash\" value=\"\" \/><input type=\"hidden\" name=\"_wpcf7_recaptcha_response\" value=\"\" \/>\n<\/fieldset>\n<div class=\"row\">\n\t<div class=\"col-lg-12\">\n\t\t<p><span class=\"wpcf7-form-control-wrap\" data-name=\"text-name\"><input size=\"40\" maxlength=\"400\" class=\"wpcf7-form-control wpcf7-text wpcf7-validates-as-required\" aria-required=\"true\" aria-invalid=\"false\" placeholder=\"Nombre\" value=\"\" type=\"text\" name=\"text-name\" \/><\/span>\n\t\t<\/p>\n\t<\/div>\n\t<div class=\"col-lg-12\">\n\t\t<p><span class=\"wpcf7-form-control-wrap\" data-name=\"email\"><input size=\"40\" maxlength=\"400\" class=\"wpcf7-form-control wpcf7-email wpcf7-validates-as-required wpcf7-text wpcf7-validates-as-email\" aria-required=\"true\" aria-invalid=\"false\" placeholder=\"Email\" value=\"\" type=\"email\" name=\"email\" \/><\/span>\n\t\t<\/p>\n\t<\/div>\n\t<div class=\"col-lg-12\">\n\t\t<p><span class=\"wpcf7-form-control-wrap\" data-name=\"phone\"><input size=\"40\" maxlength=\"400\" class=\"wpcf7-form-control wpcf7-tel wpcf7-validates-as-required wpcf7-text wpcf7-validates-as-tel\" aria-required=\"true\" aria-invalid=\"false\" placeholder=\"Tel\u00e9fono\" value=\"\" type=\"tel\" name=\"phone\" \/><\/span>\n\t\t<\/p>\n\t<\/div>\n\t<div class=\"col-lg-12\">\n\t\t<p><span class=\"wpcf7-form-control-wrap\" data-name=\"field-asunto\"><input size=\"40\" maxlength=\"400\" class=\"wpcf7-form-control wpcf7-text wpcf7-validates-as-required\" aria-required=\"true\" aria-invalid=\"false\" placeholder=\"Asunto\" value=\"\" type=\"text\" name=\"field-asunto\" \/><\/span>\n\t\t<\/p>\n\t<\/div>\n\t<div class=\"col-lg-12\">\n\t\t<p><span class=\"wpcf7-form-control-wrap\" data-name=\"textarea-mansaje\"><textarea cols=\"40\" rows=\"10\" maxlength=\"2000\" class=\"wpcf7-form-control wpcf7-textarea wpcf7-validates-as-required\" aria-required=\"true\" aria-invalid=\"false\" placeholder=\"Mensaje...\" name=\"textarea-mansaje\"><\/textarea><\/span>\n\t\t<\/p>\n\t<\/div>\n\t<p class=\"form\" >Informaci\u00f3n b\u00e1sica de protecci\u00f3n de datos: Responsable del tratamiento: ATTRIM IMPACT TECHNOLOGY GROUP, SL Finalidad: Gestionar la respuesta a las consultas o peticiones planteadas a trav\u00e9s de este formulario contact\u00e1ndole por correo electr\u00f3nico y, solo si Ud. lo consiente, enviarle informaci\u00f3n de otros productos y servicios de las empresas que forman parte de ATTRIM Group. Legitimaci\u00f3n: Consentimiento expl\u00edcito. Destinatarios: No se comunican sus datos a terceros. Solo si Ud. lo consiente se comunicar\u00e1n sus datos a las otras empresas de ATTRIM Group a los efectos de enviarle informaci\u00f3n sobre sus productos y servicios, puntualmente o mediante suscripci\u00f3n a la newsletter. Transferencias internacionales: no se realizan. Plazo de conservaci\u00f3n: Mientras no se solicite la supresi\u00f3n de sus datos, as\u00ed como durante los plazos legales de prescripci\u00f3n. Ejercicio de derechos: privacy@attrim.com En caso de no ver atendido el ejercicio de sus derechos, puede presentar una reclamaci\u00f3n en la Agencia Espa\u00f1ola de Protecci\u00f3n de Datos (www.aepd.es). M\u00e1s informaci\u00f3n: <a href=\"https:\/\/angelaie.com\/en\/politica-de-privacidad\/\">Pol\u00edtica de Privacidad<\/a>.\n\t<\/p>\n\t<p><span class=\"wpcf7-form-control-wrap\" data-name=\"acceptance-120\"><span class=\"wpcf7-form-control wpcf7-acceptance\"><span class=\"wpcf7-list-item\"><label><input type=\"checkbox\" name=\"acceptance-120\" value=\"1\" aria-invalid=\"false\" \/><span class=\"wpcf7-list-item-label\">Consiento el tratamiento de mis datos personales para la finalidad informada.<\/span><\/label><\/span><\/span><\/span>\n\t<\/p>\n\t<p><span class=\"wpcf7-form-control-wrap\" data-name=\"acceptance-514\"><span class=\"wpcf7-form-control wpcf7-acceptance optional\"><span class=\"wpcf7-list-item\"><label><input type=\"checkbox\" name=\"acceptance-514\" value=\"1\" aria-invalid=\"false\" \/><span class=\"wpcf7-list-item-label\">Consiento el tratamiento recibir informaci\u00f3n comercial de productos y servicios de otras empresas de ATTRIM Group distintas de \u00e9sta y de ANGELA IMPACT ECONOMY SL, incluso mediante suscripci\u00f3n a la newsletter.<\/span><\/label><\/span><\/span><\/span>\n\t<\/p>\n\t<div class=\"\">\n\t\t<p><input class=\"wpcf7-form-control wpcf7-submit has-spinner\" type=\"submit\" value=\"Enviar\" \/>\n\t\t<\/p>\n\t<\/div>\n<\/div><input type='hidden' class='wpcf7-pum' value='{\"closepopup\":false,\"closedelay\":0,\"openpopup\":false,\"openpopup_id\":0}' \/><div class=\"wpcf7-response-output\" aria-hidden=\"true\"><\/div>\n<input type=\"hidden\" name=\"trp-form-language\" value=\"en\"\/><\/form>\n<\/div>","protected":false},"excerpt":{"rendered":"<p>\u00c1ngela Impact Economy es una empresa dedicada a impulsar el cambio hacia un futuro empresarial sostenible. A trav\u00e9s de nuestro conocimiento y herramientas digitales, ayudamos a las organizaciones a integrar la sostenibilidad en su estrategia empresarial, garantizando el cumplimiento de normativas y maximizando el impacto social y medioambiental. Aqu\u00ed te presentamos varias razones por las [&hellip;]<\/p>\n","protected":false},"author":2,"featured_media":0,"parent":0,"menu_order":0,"comment_status":"closed","ping_status":"closed","template":"","meta":{"footnotes":""},"class_list":["post-24575","page","type-page","status-publish","hentry"],"yoast_head":"<!-- This site is optimized with the Yoast SEO plugin v27.5 - https:\/\/yoast.com\/product\/yoast-seo-wordpress\/ -->\n<title>C\u00f3mo adaptar mi empresa al est\u00e1ndar de sostenibilidad CSRD - \u00c2ngela Impact Economy<\/title>\n<meta name=\"robots\" content=\"index, follow, max-snippet:-1, max-image-preview:large, max-video-preview:-1\" \/>\n<link rel=\"canonical\" href=\"https:\/\/angelaie.com\/en\/como-adaptar-mi-empresa-al-estandar-de-sostenibilidad-csrd\/\" \/>\n<meta property=\"og:locale\" content=\"en_GB\" \/>\n<meta property=\"og:type\" content=\"article\" \/>\n<meta property=\"og:title\" content=\"C\u00f3mo adaptar mi empresa al est\u00e1ndar de sostenibilidad CSRD - \u00c2ngela Impact Economy\" \/>\n<meta property=\"og:description\" content=\"\u00c1ngela Impact Economy es una empresa dedicada a impulsar el cambio hacia un futuro empresarial sostenible. A trav\u00e9s de nuestro conocimiento y herramientas digitales, ayudamos a las organizaciones a integrar la sostenibilidad en su estrategia empresarial, garantizando el cumplimiento de normativas y maximizando el impacto social y medioambiental. Aqu\u00ed te presentamos varias razones por las [&hellip;]\" \/>\n<meta property=\"og:url\" content=\"https:\/\/angelaie.com\/en\/como-adaptar-mi-empresa-al-estandar-de-sostenibilidad-csrd\/\" \/>\n<meta property=\"og:site_name\" content=\"\u00c2ngela Impact Economy\" \/>\n<meta name=\"twitter:card\" content=\"summary_large_image\" \/>\n<meta name=\"twitter:label1\" content=\"Estimated reading time\" \/>\n\t<meta name=\"twitter:data1\" content=\"4 minutes\" \/>\n<script type=\"application\/ld+json\" class=\"yoast-schema-graph\">{\"@context\":\"https:\\\/\\\/schema.org\",\"@graph\":[{\"@type\":\"WebPage\",\"@id\":\"https:\\\/\\\/angelaie.com\\\/como-adaptar-mi-empresa-al-estandar-de-sostenibilidad-csrd\\\/\",\"url\":\"https:\\\/\\\/angelaie.com\\\/como-adaptar-mi-empresa-al-estandar-de-sostenibilidad-csrd\\\/\",\"name\":\"C\u00f3mo adaptar mi empresa al est\u00e1ndar de sostenibilidad CSRD - \u00c2ngela Impact Economy\",\"isPartOf\":{\"@id\":\"https:\\\/\\\/angelaie.com\\\/#website\"},\"datePublished\":\"2025-04-15T16:11:37+00:00\",\"breadcrumb\":{\"@id\":\"https:\\\/\\\/angelaie.com\\\/como-adaptar-mi-empresa-al-estandar-de-sostenibilidad-csrd\\\/#breadcrumb\"},\"inLanguage\":\"en-GB\",\"potentialAction\":[{\"@type\":\"ReadAction\",\"target\":[\"https:\\\/\\\/angelaie.com\\\/como-adaptar-mi-empresa-al-estandar-de-sostenibilidad-csrd\\\/\"]}]},{\"@type\":\"BreadcrumbList\",\"@id\":\"https:\\\/\\\/angelaie.com\\\/como-adaptar-mi-empresa-al-estandar-de-sostenibilidad-csrd\\\/#breadcrumb\",\"itemListElement\":[{\"@type\":\"ListItem\",\"position\":1,\"name\":\"Portada\",\"item\":\"https:\\\/\\\/angelaie.com\\\/\"},{\"@type\":\"ListItem\",\"position\":2,\"name\":\"C\u00f3mo adaptar mi empresa al est\u00e1ndar de sostenibilidad CSRD\"}]},{\"@type\":\"WebSite\",\"@id\":\"https:\\\/\\\/angelaie.com\\\/#website\",\"url\":\"https:\\\/\\\/angelaie.com\\\/\",\"name\":\"\u00c2ngela Impact Economy\",\"description\":\"\",\"potentialAction\":[{\"@type\":\"SearchAction\",\"target\":{\"@type\":\"EntryPoint\",\"urlTemplate\":\"https:\\\/\\\/angelaie.com\\\/?s={search_term_string}\"},\"query-input\":{\"@type\":\"PropertyValueSpecification\",\"valueRequired\":true,\"valueName\":\"search_term_string\"}}],\"inLanguage\":\"en-GB\"}]}<\/script>\n<!-- \/ Yoast SEO plugin. -->","yoast_head_json":{"title":"C\u00f3mo adaptar mi empresa al est\u00e1ndar de sostenibilidad CSRD - \u00c2ngela Impact Economy","robots":{"index":"index","follow":"follow","max-snippet":"max-snippet:-1","max-image-preview":"max-image-preview:large","max-video-preview":"max-video-preview:-1"},"canonical":"https:\/\/angelaie.com\/en\/como-adaptar-mi-empresa-al-estandar-de-sostenibilidad-csrd\/","og_locale":"en_GB","og_type":"article","og_title":"C\u00f3mo adaptar mi empresa al est\u00e1ndar de sostenibilidad CSRD - \u00c2ngela Impact Economy","og_description":"\u00c1ngela Impact Economy es una empresa dedicada a impulsar el cambio hacia un futuro empresarial sostenible. A trav\u00e9s de nuestro conocimiento y herramientas digitales, ayudamos a las organizaciones a integrar la sostenibilidad en su estrategia empresarial, garantizando el cumplimiento de normativas y maximizando el impacto social y medioambiental. Aqu\u00ed te presentamos varias razones por las [&hellip;]","og_url":"https:\/\/angelaie.com\/en\/como-adaptar-mi-empresa-al-estandar-de-sostenibilidad-csrd\/","og_site_name":"\u00c2ngela Impact Economy","twitter_card":"summary_large_image","twitter_misc":{"Estimated reading time":"4 minutes"},"schema":{"@context":"https:\/\/schema.org","@graph":[{"@type":"WebPage","@id":"https:\/\/angelaie.com\/como-adaptar-mi-empresa-al-estandar-de-sostenibilidad-csrd\/","url":"https:\/\/angelaie.com\/como-adaptar-mi-empresa-al-estandar-de-sostenibilidad-csrd\/","name":"C\u00f3mo adaptar mi empresa al est\u00e1ndar de sostenibilidad CSRD - \u00c2ngela Impact Economy","isPartOf":{"@id":"https:\/\/angelaie.com\/#website"},"datePublished":"2025-04-15T16:11:37+00:00","breadcrumb":{"@id":"https:\/\/angelaie.com\/como-adaptar-mi-empresa-al-estandar-de-sostenibilidad-csrd\/#breadcrumb"},"inLanguage":"en-GB","potentialAction":[{"@type":"ReadAction","target":["https:\/\/angelaie.com\/como-adaptar-mi-empresa-al-estandar-de-sostenibilidad-csrd\/"]}]},{"@type":"BreadcrumbList","@id":"https:\/\/angelaie.com\/como-adaptar-mi-empresa-al-estandar-de-sostenibilidad-csrd\/#breadcrumb","itemListElement":[{"@type":"ListItem","position":1,"name":"Portada","item":"https:\/\/angelaie.com\/"},{"@type":"ListItem","position":2,"name":"C\u00f3mo adaptar mi empresa al est\u00e1ndar de sostenibilidad CSRD"}]},{"@type":"WebSite","@id":"https:\/\/angelaie.com\/#website","url":"https:\/\/angelaie.com\/","name":"\u00c2ngela Impact Economy","description":"","potentialAction":[{"@type":"SearchAction","target":{"@type":"EntryPoint","urlTemplate":"https:\/\/angelaie.com\/?s={search_term_string}"},"query-input":{"@type":"PropertyValueSpecification","valueRequired":true,"valueName":"search_term_string"}}],"inLanguage":"en-GB"}]}},"_links":{"self":[{"href":"https:\/\/angelaie.com\/en\/wp-json\/wp\/v2\/pages\/24575","targetHints":{"allow":["GET"]}}],"collection":[{"href":"https:\/\/angelaie.com\/en\/wp-json\/wp\/v2\/pages"}],"about":[{"href":"https:\/\/angelaie.com\/en\/wp-json\/wp\/v2\/types\/page"}],"author":[{"embeddable":true,"href":"https:\/\/angelaie.com\/en\/wp-json\/wp\/v2\/users\/2"}],"replies":[{"embeddable":true,"href":"https:\/\/angelaie.com\/en\/wp-json\/wp\/v2\/comments?post=24575"}],"version-history":[{"count":1,"href":"https:\/\/angelaie.com\/en\/wp-json\/wp\/v2\/pages\/24575\/revisions"}],"predecessor-version":[{"id":24582,"href":"https:\/\/angelaie.com\/en\/wp-json\/wp\/v2\/pages\/24575\/revisions\/24582"}],"wp:attachment":[{"href":"https:\/\/angelaie.com\/en\/wp-json\/wp\/v2\/media?parent=24575"}],"curies":[{"name":"wp","href":"https:\/\/api.w.org\/{rel}","templated":true}]}}