{"id":24572,"date":"2025-04-15T18:07:27","date_gmt":"2025-04-15T16:07:27","guid":{"rendered":"https:\/\/angelaie.com\/?page_id=24572"},"modified":"2025-04-15T18:07:27","modified_gmt":"2025-04-15T16:07:27","slug":"cumplir-la-normativa-de-sostenibilidad-corporativa","status":"publish","type":"page","link":"https:\/\/angelaie.com\/en\/cumplir-la-normativa-de-sostenibilidad-corporativa\/","title":{"rendered":"Cumplir la normativa de sostenibilidad corporativa"},"content":{"rendered":"<p><strong>\u00c1ngela Impact Economy<\/strong> es una empresa dedicada a impulsar el cambio hacia un futuro empresarial sostenible. A trav\u00e9s de nuestro conocimiento y herramientas digitales, ayudamos a las organizaciones a integrar la sostenibilidad en su estrategia empresarial, garantizando el cumplimiento de normativas y maximizando el impacto social y medioambiental. Aqu\u00ed te presentamos varias razones por las que tenernos en cuenta para <strong>Cumplir la normativa de sostenibilidad corporativa<\/strong>:<\/p>\n<h3 class=\"\" data-start=\"0\" data-end=\"55\">Experiencia y conocimiento profundo de la normativa<\/h3>\n<p class=\"\" data-start=\"57\" data-end=\"685\">En \u00c1ngela Impact Economy, contamos con un equipo altamente capacitado y con amplia experiencia en el cumplimiento de la normativa de sostenibilidad corporativa. Nuestro conocimiento profundo de las leyes y regulaciones actuales, tanto a nivel local como internacional, nos permite guiar a tu empresa en la correcta implementaci\u00f3n de las normativas y garantizar que se mantenga alineada con los est\u00e1ndares exigidos. Estar al d\u00eda con las continuas actualizaciones normativas es crucial para evitar sanciones, y nosotros nos aseguramos de que tu empresa est\u00e9 siempre en cumplimiento, independientemente de los cambios legislativos.<\/p>\n<h3 class=\"\" data-start=\"687\" data-end=\"748\">Soluciones tecnol\u00f3gicas avanzadas para una gesti\u00f3n eficaz<\/h3>\n<p class=\"\" data-start=\"750\" data-end=\"1394\">Gracias a nuestra tecnolog\u00eda de vanguardia, proporcionamos soluciones eficientes para cumplir con la normativa de sostenibilidad corporativa. Utilizamos herramientas digitales que permiten medir, monitorear y reportar el impacto social y medioambiental de tu empresa con total precisi\u00f3n. Nuestra plataforma facilita la recopilaci\u00f3n de datos, la gesti\u00f3n de informes y el an\u00e1lisis de resultados, lo que te permitir\u00e1 tener una visi\u00f3n clara y en tiempo real del cumplimiento de las normativas. De esta manera, simplificamos un proceso complejo, mejorando la efectividad y reduciendo el esfuerzo necesario para estar alineados con la sostenibilidad.<\/p>\n<h3 class=\"\" data-start=\"1396\" data-end=\"1444\">Estrategias personalizadas para cada empresa<\/h3>\n<p class=\"\" data-start=\"1446\" data-end=\"2049\">Entendemos que cada empresa tiene una estructura y necesidades \u00fanicas, por lo que desarrollamos estrategias personalizadas para cumplir con las normativas de sostenibilidad. En \u00c1ngela Impact Economy, nos tomamos el tiempo necesario para conocer a fondo tu modelo de negocio, tus valores y tus objetivos, lo que nos permite dise\u00f1ar soluciones a medida que se adapten perfectamente a tu actividad. Ya sea que operes en un sector espec\u00edfico o que enfrentes desaf\u00edos particulares, nuestras estrategias est\u00e1n dise\u00f1adas para ofrecerte el cumplimiento normativo sin comprometer el funcionamiento de tu empresa.<\/p>\n<h3 class=\"\" data-start=\"2051\" data-end=\"2107\">Acompa\u00f1amiento continuo y apoyo en la implementaci\u00f3n<\/h3>\n<p class=\"\" data-start=\"2109\" data-end=\"2708\">Nuestro compromiso no se limita a ofrecerte una soluci\u00f3n una vez que se implementa la normativa. En \u00c1ngela Impact Economy, proporcionamos un acompa\u00f1amiento continuo durante todo el proceso de adaptaci\u00f3n y cumplimiento de la normativa de sostenibilidad. Estamos a tu disposici\u00f3n para resolver dudas, ajustar estrategias y garantizar que todas las acciones se implementen de manera correcta y eficiente. Nuestro equipo se convierte en un aliado estrat\u00e9gico, trabajando junto a ti para facilitar la integraci\u00f3n de la sostenibilidad en todos los aspectos de tu negocio y asegurar su \u00e9xito a largo plazo.<\/p>\n<h3 class=\"\" data-start=\"2710\" data-end=\"2762\">Maximizaci\u00f3n del impacto social y medioambiental<\/h3>\n<p class=\"\" data-start=\"2764\" data-end=\"3374\">Nuestro enfoque no solo busca el cumplimiento normativo, sino tambi\u00e9n maximizar el impacto positivo que tu empresa puede generar en la sociedad y el medio ambiente. En \u00c1ngela Impact Economy, creemos que la sostenibilidad debe ser un motor para la innovaci\u00f3n y el crecimiento. Te ayudamos a identificar oportunidades para mejorar el rendimiento ambiental y social de tu empresa, transformando los requisitos regulatorios en una ventaja competitiva. Con nuestra orientaci\u00f3n, tu empresa no solo estar\u00e1 alineada con las normativas, sino que tambi\u00e9n contribuir\u00e1 activamente a un futuro m\u00e1s sostenible y responsable.<\/p>\n<p>Si est\u00e1s interesado en <strong>Cumplir la normativa de sostenibilidad corporativa,<\/strong> no dudes en escribirnos a trav\u00e9s del siguiente formulario:<\/p>\n\n<div class=\"wpcf7 no-js\" id=\"wpcf7-f15153-o1\" lang=\"en-US\" dir=\"ltr\" data-wpcf7-id=\"15153\">\n<div class=\"screen-reader-response\"><p role=\"status\" aria-live=\"polite\" aria-atomic=\"true\"><\/p> <ul><\/ul><\/div>\n<form action=\"\/en\/wp-json\/wp\/v2\/pages\/24572#wpcf7-f15153-o1\" method=\"post\" class=\"wpcf7-form init\" aria-label=\"Contact form\" novalidate=\"novalidate\" data-status=\"init\" data-trp-original-action=\"\/en\/wp-json\/wp\/v2\/pages\/24572#wpcf7-f15153-o1\">\n<fieldset class=\"hidden-fields-container\"><input type=\"hidden\" name=\"_wpcf7\" value=\"15153\" \/><input type=\"hidden\" name=\"_wpcf7_version\" value=\"6.1.5\" \/><input type=\"hidden\" name=\"_wpcf7_locale\" value=\"en_US\" \/><input type=\"hidden\" name=\"_wpcf7_unit_tag\" value=\"wpcf7-f15153-o1\" \/><input type=\"hidden\" name=\"_wpcf7_container_post\" value=\"0\" \/><input type=\"hidden\" name=\"_wpcf7_posted_data_hash\" value=\"\" \/><input type=\"hidden\" name=\"_wpcf7_recaptcha_response\" value=\"\" \/>\n<\/fieldset>\n<div class=\"row\">\n\t<div class=\"col-lg-12\">\n\t\t<p><span class=\"wpcf7-form-control-wrap\" data-name=\"text-name\"><input size=\"40\" maxlength=\"400\" class=\"wpcf7-form-control wpcf7-text wpcf7-validates-as-required\" aria-required=\"true\" aria-invalid=\"false\" placeholder=\"Nombre\" value=\"\" type=\"text\" name=\"text-name\" \/><\/span>\n\t\t<\/p>\n\t<\/div>\n\t<div class=\"col-lg-12\">\n\t\t<p><span class=\"wpcf7-form-control-wrap\" data-name=\"email\"><input size=\"40\" maxlength=\"400\" class=\"wpcf7-form-control wpcf7-email wpcf7-validates-as-required wpcf7-text wpcf7-validates-as-email\" aria-required=\"true\" aria-invalid=\"false\" placeholder=\"Email\" value=\"\" type=\"email\" name=\"email\" \/><\/span>\n\t\t<\/p>\n\t<\/div>\n\t<div class=\"col-lg-12\">\n\t\t<p><span class=\"wpcf7-form-control-wrap\" data-name=\"phone\"><input size=\"40\" maxlength=\"400\" class=\"wpcf7-form-control wpcf7-tel wpcf7-validates-as-required wpcf7-text wpcf7-validates-as-tel\" aria-required=\"true\" aria-invalid=\"false\" placeholder=\"Tel\u00e9fono\" value=\"\" type=\"tel\" name=\"phone\" \/><\/span>\n\t\t<\/p>\n\t<\/div>\n\t<div class=\"col-lg-12\">\n\t\t<p><span class=\"wpcf7-form-control-wrap\" data-name=\"field-asunto\"><input size=\"40\" maxlength=\"400\" class=\"wpcf7-form-control wpcf7-text wpcf7-validates-as-required\" aria-required=\"true\" aria-invalid=\"false\" placeholder=\"Asunto\" value=\"\" type=\"text\" name=\"field-asunto\" \/><\/span>\n\t\t<\/p>\n\t<\/div>\n\t<div class=\"col-lg-12\">\n\t\t<p><span class=\"wpcf7-form-control-wrap\" data-name=\"textarea-mansaje\"><textarea cols=\"40\" rows=\"10\" maxlength=\"2000\" class=\"wpcf7-form-control wpcf7-textarea wpcf7-validates-as-required\" aria-required=\"true\" aria-invalid=\"false\" placeholder=\"Mensaje...\" name=\"textarea-mansaje\"><\/textarea><\/span>\n\t\t<\/p>\n\t<\/div>\n\t<p class=\"form\" >Informaci\u00f3n b\u00e1sica de protecci\u00f3n de datos: Responsable del tratamiento: ATTRIM IMPACT TECHNOLOGY GROUP, SL Finalidad: Gestionar la respuesta a las consultas o peticiones planteadas a trav\u00e9s de este formulario contact\u00e1ndole por correo electr\u00f3nico y, solo si Ud. lo consiente, enviarle informaci\u00f3n de otros productos y servicios de las empresas que forman parte de ATTRIM Group. Legitimaci\u00f3n: Consentimiento expl\u00edcito. Destinatarios: No se comunican sus datos a terceros. Solo si Ud. lo consiente se comunicar\u00e1n sus datos a las otras empresas de ATTRIM Group a los efectos de enviarle informaci\u00f3n sobre sus productos y servicios, puntualmente o mediante suscripci\u00f3n a la newsletter. Transferencias internacionales: no se realizan. Plazo de conservaci\u00f3n: Mientras no se solicite la supresi\u00f3n de sus datos, as\u00ed como durante los plazos legales de prescripci\u00f3n. Ejercicio de derechos: privacy@attrim.com En caso de no ver atendido el ejercicio de sus derechos, puede presentar una reclamaci\u00f3n en la Agencia Espa\u00f1ola de Protecci\u00f3n de Datos (www.aepd.es). M\u00e1s informaci\u00f3n: <a href=\"https:\/\/angelaie.com\/en\/politica-de-privacidad\/\">Pol\u00edtica de Privacidad<\/a>.\n\t<\/p>\n\t<p><span class=\"wpcf7-form-control-wrap\" data-name=\"acceptance-120\"><span class=\"wpcf7-form-control wpcf7-acceptance\"><span class=\"wpcf7-list-item\"><label><input type=\"checkbox\" name=\"acceptance-120\" value=\"1\" aria-invalid=\"false\" \/><span class=\"wpcf7-list-item-label\">Consiento el tratamiento de mis datos personales para la finalidad informada.<\/span><\/label><\/span><\/span><\/span>\n\t<\/p>\n\t<p><span class=\"wpcf7-form-control-wrap\" data-name=\"acceptance-514\"><span class=\"wpcf7-form-control wpcf7-acceptance optional\"><span class=\"wpcf7-list-item\"><label><input type=\"checkbox\" name=\"acceptance-514\" value=\"1\" aria-invalid=\"false\" \/><span class=\"wpcf7-list-item-label\">Consiento el tratamiento recibir informaci\u00f3n comercial de productos y servicios de otras empresas de ATTRIM Group distintas de \u00e9sta y de ANGELA IMPACT ECONOMY SL, incluso mediante suscripci\u00f3n a la newsletter.<\/span><\/label><\/span><\/span><\/span>\n\t<\/p>\n\t<div class=\"\">\n\t\t<p><input class=\"wpcf7-form-control wpcf7-submit has-spinner\" type=\"submit\" value=\"Enviar\" \/>\n\t\t<\/p>\n\t<\/div>\n<\/div><input type='hidden' class='wpcf7-pum' value='{\"closepopup\":false,\"closedelay\":0,\"openpopup\":false,\"openpopup_id\":0}' \/><div class=\"wpcf7-response-output\" aria-hidden=\"true\"><\/div>\n<input type=\"hidden\" name=\"trp-form-language\" value=\"en\"\/><\/form>\n<\/div>","protected":false},"excerpt":{"rendered":"<p>\u00c1ngela Impact Economy es una empresa dedicada a impulsar el cambio hacia un futuro empresarial sostenible. A trav\u00e9s de nuestro conocimiento y herramientas digitales, ayudamos a las organizaciones a integrar la sostenibilidad en su estrategia empresarial, garantizando el cumplimiento de normativas y maximizando el impacto social y medioambiental. Aqu\u00ed te presentamos varias razones por las [&hellip;]<\/p>\n","protected":false},"author":2,"featured_media":0,"parent":0,"menu_order":0,"comment_status":"closed","ping_status":"closed","template":"","meta":{"footnotes":""},"class_list":["post-24572","page","type-page","status-publish","hentry"],"yoast_head":"<!-- This site is optimized with the Yoast SEO plugin v27.5 - https:\/\/yoast.com\/product\/yoast-seo-wordpress\/ -->\n<title>Cumplir la normativa de sostenibilidad corporativa - \u00c2ngela Impact Economy<\/title>\n<meta name=\"robots\" content=\"index, follow, max-snippet:-1, max-image-preview:large, max-video-preview:-1\" \/>\n<link rel=\"canonical\" href=\"https:\/\/angelaie.com\/en\/cumplir-la-normativa-de-sostenibilidad-corporativa\/\" \/>\n<meta property=\"og:locale\" content=\"en_GB\" \/>\n<meta property=\"og:type\" content=\"article\" \/>\n<meta property=\"og:title\" content=\"Cumplir la normativa de sostenibilidad corporativa - \u00c2ngela Impact Economy\" \/>\n<meta property=\"og:description\" content=\"\u00c1ngela Impact Economy es una empresa dedicada a impulsar el cambio hacia un futuro empresarial sostenible. A trav\u00e9s de nuestro conocimiento y herramientas digitales, ayudamos a las organizaciones a integrar la sostenibilidad en su estrategia empresarial, garantizando el cumplimiento de normativas y maximizando el impacto social y medioambiental. Aqu\u00ed te presentamos varias razones por las [&hellip;]\" \/>\n<meta property=\"og:url\" content=\"https:\/\/angelaie.com\/en\/cumplir-la-normativa-de-sostenibilidad-corporativa\/\" \/>\n<meta property=\"og:site_name\" content=\"\u00c2ngela Impact Economy\" \/>\n<meta name=\"twitter:card\" content=\"summary_large_image\" \/>\n<meta name=\"twitter:label1\" content=\"Estimated reading time\" \/>\n\t<meta name=\"twitter:data1\" content=\"3 minutes\" \/>\n<script type=\"application\/ld+json\" class=\"yoast-schema-graph\">{\"@context\":\"https:\\\/\\\/schema.org\",\"@graph\":[{\"@type\":\"WebPage\",\"@id\":\"https:\\\/\\\/angelaie.com\\\/cumplir-la-normativa-de-sostenibilidad-corporativa\\\/\",\"url\":\"https:\\\/\\\/angelaie.com\\\/cumplir-la-normativa-de-sostenibilidad-corporativa\\\/\",\"name\":\"Cumplir la normativa de sostenibilidad corporativa - \u00c2ngela Impact Economy\",\"isPartOf\":{\"@id\":\"https:\\\/\\\/angelaie.com\\\/#website\"},\"datePublished\":\"2025-04-15T16:07:27+00:00\",\"breadcrumb\":{\"@id\":\"https:\\\/\\\/angelaie.com\\\/cumplir-la-normativa-de-sostenibilidad-corporativa\\\/#breadcrumb\"},\"inLanguage\":\"en-GB\",\"potentialAction\":[{\"@type\":\"ReadAction\",\"target\":[\"https:\\\/\\\/angelaie.com\\\/cumplir-la-normativa-de-sostenibilidad-corporativa\\\/\"]}]},{\"@type\":\"BreadcrumbList\",\"@id\":\"https:\\\/\\\/angelaie.com\\\/cumplir-la-normativa-de-sostenibilidad-corporativa\\\/#breadcrumb\",\"itemListElement\":[{\"@type\":\"ListItem\",\"position\":1,\"name\":\"Portada\",\"item\":\"https:\\\/\\\/angelaie.com\\\/\"},{\"@type\":\"ListItem\",\"position\":2,\"name\":\"Cumplir la normativa de sostenibilidad corporativa\"}]},{\"@type\":\"WebSite\",\"@id\":\"https:\\\/\\\/angelaie.com\\\/#website\",\"url\":\"https:\\\/\\\/angelaie.com\\\/\",\"name\":\"\u00c2ngela Impact Economy\",\"description\":\"\",\"potentialAction\":[{\"@type\":\"SearchAction\",\"target\":{\"@type\":\"EntryPoint\",\"urlTemplate\":\"https:\\\/\\\/angelaie.com\\\/?s={search_term_string}\"},\"query-input\":{\"@type\":\"PropertyValueSpecification\",\"valueRequired\":true,\"valueName\":\"search_term_string\"}}],\"inLanguage\":\"en-GB\"}]}<\/script>\n<!-- \/ Yoast SEO plugin. -->","yoast_head_json":{"title":"Cumplir la normativa de sostenibilidad corporativa - \u00c2ngela Impact Economy","robots":{"index":"index","follow":"follow","max-snippet":"max-snippet:-1","max-image-preview":"max-image-preview:large","max-video-preview":"max-video-preview:-1"},"canonical":"https:\/\/angelaie.com\/en\/cumplir-la-normativa-de-sostenibilidad-corporativa\/","og_locale":"en_GB","og_type":"article","og_title":"Cumplir la normativa de sostenibilidad corporativa - \u00c2ngela Impact Economy","og_description":"\u00c1ngela Impact Economy es una empresa dedicada a impulsar el cambio hacia un futuro empresarial sostenible. A trav\u00e9s de nuestro conocimiento y herramientas digitales, ayudamos a las organizaciones a integrar la sostenibilidad en su estrategia empresarial, garantizando el cumplimiento de normativas y maximizando el impacto social y medioambiental. Aqu\u00ed te presentamos varias razones por las [&hellip;]","og_url":"https:\/\/angelaie.com\/en\/cumplir-la-normativa-de-sostenibilidad-corporativa\/","og_site_name":"\u00c2ngela Impact Economy","twitter_card":"summary_large_image","twitter_misc":{"Estimated reading time":"3 minutes"},"schema":{"@context":"https:\/\/schema.org","@graph":[{"@type":"WebPage","@id":"https:\/\/angelaie.com\/cumplir-la-normativa-de-sostenibilidad-corporativa\/","url":"https:\/\/angelaie.com\/cumplir-la-normativa-de-sostenibilidad-corporativa\/","name":"Cumplir la normativa de sostenibilidad corporativa - \u00c2ngela Impact Economy","isPartOf":{"@id":"https:\/\/angelaie.com\/#website"},"datePublished":"2025-04-15T16:07:27+00:00","breadcrumb":{"@id":"https:\/\/angelaie.com\/cumplir-la-normativa-de-sostenibilidad-corporativa\/#breadcrumb"},"inLanguage":"en-GB","potentialAction":[{"@type":"ReadAction","target":["https:\/\/angelaie.com\/cumplir-la-normativa-de-sostenibilidad-corporativa\/"]}]},{"@type":"BreadcrumbList","@id":"https:\/\/angelaie.com\/cumplir-la-normativa-de-sostenibilidad-corporativa\/#breadcrumb","itemListElement":[{"@type":"ListItem","position":1,"name":"Portada","item":"https:\/\/angelaie.com\/"},{"@type":"ListItem","position":2,"name":"Cumplir la normativa de sostenibilidad corporativa"}]},{"@type":"WebSite","@id":"https:\/\/angelaie.com\/#website","url":"https:\/\/angelaie.com\/","name":"\u00c2ngela Impact Economy","description":"","potentialAction":[{"@type":"SearchAction","target":{"@type":"EntryPoint","urlTemplate":"https:\/\/angelaie.com\/?s={search_term_string}"},"query-input":{"@type":"PropertyValueSpecification","valueRequired":true,"valueName":"search_term_string"}}],"inLanguage":"en-GB"}]}},"_links":{"self":[{"href":"https:\/\/angelaie.com\/en\/wp-json\/wp\/v2\/pages\/24572","targetHints":{"allow":["GET"]}}],"collection":[{"href":"https:\/\/angelaie.com\/en\/wp-json\/wp\/v2\/pages"}],"about":[{"href":"https:\/\/angelaie.com\/en\/wp-json\/wp\/v2\/types\/page"}],"author":[{"embeddable":true,"href":"https:\/\/angelaie.com\/en\/wp-json\/wp\/v2\/users\/2"}],"replies":[{"embeddable":true,"href":"https:\/\/angelaie.com\/en\/wp-json\/wp\/v2\/comments?post=24572"}],"version-history":[{"count":1,"href":"https:\/\/angelaie.com\/en\/wp-json\/wp\/v2\/pages\/24572\/revisions"}],"predecessor-version":[{"id":24577,"href":"https:\/\/angelaie.com\/en\/wp-json\/wp\/v2\/pages\/24572\/revisions\/24577"}],"wp:attachment":[{"href":"https:\/\/angelaie.com\/en\/wp-json\/wp\/v2\/media?parent=24572"}],"curies":[{"name":"wp","href":"https:\/\/api.w.org\/{rel}","templated":true}]}}