{"id":24571,"date":"2025-04-15T18:04:08","date_gmt":"2025-04-15T16:04:08","guid":{"rendered":"https:\/\/angelaie.com\/?page_id=24571"},"modified":"2025-04-15T18:11:44","modified_gmt":"2025-04-15T16:11:44","slug":"programa-de-reporting-y-gestion-de-sostenibilidad-corporativa","status":"publish","type":"page","link":"https:\/\/angelaie.com\/en\/programa-de-reporting-y-gestion-de-sostenibilidad-corporativa\/","title":{"rendered":"Programa de reporting y gesti\u00f3n de sostenibilidad corporativa"},"content":{"rendered":"<p><strong>\u00c1ngela Impact Economy<\/strong> es una empresa dedicada a impulsar el cambio hacia un futuro empresarial sostenible. A trav\u00e9s de nuestro conocimiento y herramientas digitales, ayudamos a las organizaciones a integrar la sostenibilidad en su estrategia empresarial, garantizando el cumplimiento de normativas y maximizando el impacto social y medioambiental.<\/p>\n<ul>\n<li><a href=\"https:\/\/angelaie.com\/en\/cumplir-la-normativa-de-sostenibilidad-corporativa\/\"><strong>Cumplir la normativa de sostenibilidad corporativa<\/strong><\/a><\/li>\n<li><a href=\"https:\/\/angelaie.com\/en\/consultoria-de-empresas-para-gestionar-la-huella-de-carbono\/\"><strong>Consultor\u00eda de empresas para gestionar la huella de carbono<\/strong><\/a><\/li>\n<li><a href=\"https:\/\/angelaie.com\/en\/servicios-de-advisory-regulatorio-en-sostenibilidad-empresarial\/\"><strong>Servicios de advisory regulatorio en sostenibilidad empresarial<\/strong><\/a><\/li>\n<li><a href=\"https:\/\/angelaie.com\/en\/como-adaptar-mi-empresa-al-estandar-de-sostenibilidad-csrd\/\"><strong>C\u00f3mo adaptar mi empresa al est\u00e1ndar de sostenibilidad CSRD<\/strong><\/a><\/li>\n<\/ul>\n<p>Si est\u00e1s interesado en un <strong>Programa de reporting y gesti\u00f3n de sostenibilidad corporativa <\/strong>o en cualquiera de los servicios que ofrecemos, no dudes en escribirnos a trav\u00e9s del siguiente formulario:<\/p>\n\n<div class=\"wpcf7 no-js\" id=\"wpcf7-f15153-o1\" lang=\"en-US\" dir=\"ltr\" data-wpcf7-id=\"15153\">\n<div class=\"screen-reader-response\"><p role=\"status\" aria-live=\"polite\" aria-atomic=\"true\"><\/p> <ul><\/ul><\/div>\n<form action=\"\/en\/wp-json\/wp\/v2\/pages\/24571#wpcf7-f15153-o1\" method=\"post\" class=\"wpcf7-form init\" aria-label=\"Contact form\" novalidate=\"novalidate\" data-status=\"init\" data-trp-original-action=\"\/en\/wp-json\/wp\/v2\/pages\/24571#wpcf7-f15153-o1\">\n<fieldset class=\"hidden-fields-container\"><input type=\"hidden\" name=\"_wpcf7\" value=\"15153\" \/><input type=\"hidden\" name=\"_wpcf7_version\" value=\"6.1.5\" \/><input type=\"hidden\" name=\"_wpcf7_locale\" value=\"en_US\" \/><input type=\"hidden\" name=\"_wpcf7_unit_tag\" value=\"wpcf7-f15153-o1\" \/><input type=\"hidden\" name=\"_wpcf7_container_post\" value=\"0\" \/><input type=\"hidden\" name=\"_wpcf7_posted_data_hash\" value=\"\" \/><input type=\"hidden\" name=\"_wpcf7_recaptcha_response\" value=\"\" \/>\n<\/fieldset>\n<div class=\"row\">\n\t<div class=\"col-lg-12\">\n\t\t<p><span class=\"wpcf7-form-control-wrap\" data-name=\"text-name\"><input size=\"40\" maxlength=\"400\" class=\"wpcf7-form-control wpcf7-text wpcf7-validates-as-required\" aria-required=\"true\" aria-invalid=\"false\" placeholder=\"Nombre\" value=\"\" type=\"text\" name=\"text-name\" \/><\/span>\n\t\t<\/p>\n\t<\/div>\n\t<div class=\"col-lg-12\">\n\t\t<p><span class=\"wpcf7-form-control-wrap\" data-name=\"email\"><input size=\"40\" maxlength=\"400\" class=\"wpcf7-form-control wpcf7-email wpcf7-validates-as-required wpcf7-text wpcf7-validates-as-email\" aria-required=\"true\" aria-invalid=\"false\" placeholder=\"Email\" value=\"\" type=\"email\" name=\"email\" \/><\/span>\n\t\t<\/p>\n\t<\/div>\n\t<div class=\"col-lg-12\">\n\t\t<p><span class=\"wpcf7-form-control-wrap\" data-name=\"phone\"><input size=\"40\" maxlength=\"400\" class=\"wpcf7-form-control wpcf7-tel wpcf7-validates-as-required wpcf7-text wpcf7-validates-as-tel\" aria-required=\"true\" aria-invalid=\"false\" placeholder=\"Tel\u00e9fono\" value=\"\" type=\"tel\" name=\"phone\" \/><\/span>\n\t\t<\/p>\n\t<\/div>\n\t<div class=\"col-lg-12\">\n\t\t<p><span class=\"wpcf7-form-control-wrap\" data-name=\"field-asunto\"><input size=\"40\" maxlength=\"400\" class=\"wpcf7-form-control wpcf7-text wpcf7-validates-as-required\" aria-required=\"true\" aria-invalid=\"false\" placeholder=\"Asunto\" value=\"\" type=\"text\" name=\"field-asunto\" \/><\/span>\n\t\t<\/p>\n\t<\/div>\n\t<div class=\"col-lg-12\">\n\t\t<p><span class=\"wpcf7-form-control-wrap\" data-name=\"textarea-mansaje\"><textarea cols=\"40\" rows=\"10\" maxlength=\"2000\" class=\"wpcf7-form-control wpcf7-textarea wpcf7-validates-as-required\" aria-required=\"true\" aria-invalid=\"false\" placeholder=\"Mensaje...\" name=\"textarea-mansaje\"><\/textarea><\/span>\n\t\t<\/p>\n\t<\/div>\n\t<p class=\"form\" >Informaci\u00f3n b\u00e1sica de protecci\u00f3n de datos: Responsable del tratamiento: ATTRIM IMPACT TECHNOLOGY GROUP, SL Finalidad: Gestionar la respuesta a las consultas o peticiones planteadas a trav\u00e9s de este formulario contact\u00e1ndole por correo electr\u00f3nico y, solo si Ud. lo consiente, enviarle informaci\u00f3n de otros productos y servicios de las empresas que forman parte de ATTRIM Group. Legitimaci\u00f3n: Consentimiento expl\u00edcito. Destinatarios: No se comunican sus datos a terceros. Solo si Ud. lo consiente se comunicar\u00e1n sus datos a las otras empresas de ATTRIM Group a los efectos de enviarle informaci\u00f3n sobre sus productos y servicios, puntualmente o mediante suscripci\u00f3n a la newsletter. Transferencias internacionales: no se realizan. Plazo de conservaci\u00f3n: Mientras no se solicite la supresi\u00f3n de sus datos, as\u00ed como durante los plazos legales de prescripci\u00f3n. Ejercicio de derechos: privacy@attrim.com En caso de no ver atendido el ejercicio de sus derechos, puede presentar una reclamaci\u00f3n en la Agencia Espa\u00f1ola de Protecci\u00f3n de Datos (www.aepd.es). M\u00e1s informaci\u00f3n: <a href=\"https:\/\/angelaie.com\/en\/politica-de-privacidad\/\">Pol\u00edtica de Privacidad<\/a>.\n\t<\/p>\n\t<p><span class=\"wpcf7-form-control-wrap\" data-name=\"acceptance-120\"><span class=\"wpcf7-form-control wpcf7-acceptance\"><span class=\"wpcf7-list-item\"><label><input type=\"checkbox\" name=\"acceptance-120\" value=\"1\" aria-invalid=\"false\" \/><span class=\"wpcf7-list-item-label\">Consiento el tratamiento de mis datos personales para la finalidad informada.<\/span><\/label><\/span><\/span><\/span>\n\t<\/p>\n\t<p><span class=\"wpcf7-form-control-wrap\" data-name=\"acceptance-514\"><span class=\"wpcf7-form-control wpcf7-acceptance optional\"><span class=\"wpcf7-list-item\"><label><input type=\"checkbox\" name=\"acceptance-514\" value=\"1\" aria-invalid=\"false\" \/><span class=\"wpcf7-list-item-label\">Consiento el tratamiento recibir informaci\u00f3n comercial de productos y servicios de otras empresas de ATTRIM Group distintas de \u00e9sta y de ANGELA IMPACT ECONOMY SL, incluso mediante suscripci\u00f3n a la newsletter.<\/span><\/label><\/span><\/span><\/span>\n\t<\/p>\n\t<div class=\"\">\n\t\t<p><input class=\"wpcf7-form-control wpcf7-submit has-spinner\" type=\"submit\" value=\"Enviar\" \/>\n\t\t<\/p>\n\t<\/div>\n<\/div><input type='hidden' class='wpcf7-pum' value='{\"closepopup\":false,\"closedelay\":0,\"openpopup\":false,\"openpopup_id\":0}' \/><div class=\"wpcf7-response-output\" aria-hidden=\"true\"><\/div>\n<input type=\"hidden\" name=\"trp-form-language\" value=\"en\"\/><\/form>\n<\/div>","protected":false},"excerpt":{"rendered":"<p>\u00c1ngela Impact Economy es una empresa dedicada a impulsar el cambio hacia un futuro empresarial sostenible. A trav\u00e9s de nuestro conocimiento y herramientas digitales, ayudamos a las organizaciones a integrar la sostenibilidad en su estrategia empresarial, garantizando el cumplimiento de normativas y maximizando el impacto social y medioambiental. Cumplir la normativa de sostenibilidad corporativa Consultor\u00eda [&hellip;]<\/p>\n","protected":false},"author":2,"featured_media":0,"parent":0,"menu_order":0,"comment_status":"closed","ping_status":"closed","template":"","meta":{"footnotes":""},"class_list":["post-24571","page","type-page","status-publish","hentry"],"yoast_head":"<!-- This site is optimized with the Yoast SEO plugin v27.5 - https:\/\/yoast.com\/product\/yoast-seo-wordpress\/ -->\n<title>Programa de reporting y gesti\u00f3n de sostenibilidad corporativa - \u00c2ngela Impact Economy<\/title>\n<meta name=\"robots\" content=\"index, follow, max-snippet:-1, max-image-preview:large, max-video-preview:-1\" \/>\n<link rel=\"canonical\" href=\"https:\/\/angelaie.com\/en\/programa-de-reporting-y-gestion-de-sostenibilidad-corporativa\/\" \/>\n<meta property=\"og:locale\" content=\"en_GB\" \/>\n<meta property=\"og:type\" content=\"article\" \/>\n<meta property=\"og:title\" content=\"Programa de reporting y gesti\u00f3n de sostenibilidad corporativa - \u00c2ngela Impact Economy\" \/>\n<meta property=\"og:description\" content=\"\u00c1ngela Impact Economy es una empresa dedicada a impulsar el cambio hacia un futuro empresarial sostenible. A trav\u00e9s de nuestro conocimiento y herramientas digitales, ayudamos a las organizaciones a integrar la sostenibilidad en su estrategia empresarial, garantizando el cumplimiento de normativas y maximizando el impacto social y medioambiental. Cumplir la normativa de sostenibilidad corporativa Consultor\u00eda [&hellip;]\" \/>\n<meta property=\"og:url\" content=\"https:\/\/angelaie.com\/en\/programa-de-reporting-y-gestion-de-sostenibilidad-corporativa\/\" \/>\n<meta property=\"og:site_name\" content=\"\u00c2ngela Impact Economy\" \/>\n<meta property=\"article:modified_time\" content=\"2025-04-15T16:11:44+00:00\" \/>\n<meta name=\"twitter:card\" content=\"summary_large_image\" \/>\n<meta name=\"twitter:label1\" content=\"Estimated reading time\" \/>\n\t<meta name=\"twitter:data1\" content=\"1 minute\" \/>\n<script type=\"application\/ld+json\" class=\"yoast-schema-graph\">{\"@context\":\"https:\\\/\\\/schema.org\",\"@graph\":[{\"@type\":\"WebPage\",\"@id\":\"https:\\\/\\\/angelaie.com\\\/programa-de-reporting-y-gestion-de-sostenibilidad-corporativa\\\/\",\"url\":\"https:\\\/\\\/angelaie.com\\\/programa-de-reporting-y-gestion-de-sostenibilidad-corporativa\\\/\",\"name\":\"Programa de reporting y gesti\u00f3n de sostenibilidad corporativa - \u00c2ngela Impact Economy\",\"isPartOf\":{\"@id\":\"https:\\\/\\\/angelaie.com\\\/#website\"},\"datePublished\":\"2025-04-15T16:04:08+00:00\",\"dateModified\":\"2025-04-15T16:11:44+00:00\",\"breadcrumb\":{\"@id\":\"https:\\\/\\\/angelaie.com\\\/programa-de-reporting-y-gestion-de-sostenibilidad-corporativa\\\/#breadcrumb\"},\"inLanguage\":\"en-GB\",\"potentialAction\":[{\"@type\":\"ReadAction\",\"target\":[\"https:\\\/\\\/angelaie.com\\\/programa-de-reporting-y-gestion-de-sostenibilidad-corporativa\\\/\"]}]},{\"@type\":\"BreadcrumbList\",\"@id\":\"https:\\\/\\\/angelaie.com\\\/programa-de-reporting-y-gestion-de-sostenibilidad-corporativa\\\/#breadcrumb\",\"itemListElement\":[{\"@type\":\"ListItem\",\"position\":1,\"name\":\"Portada\",\"item\":\"https:\\\/\\\/angelaie.com\\\/\"},{\"@type\":\"ListItem\",\"position\":2,\"name\":\"Programa de reporting y gesti\u00f3n de sostenibilidad corporativa\"}]},{\"@type\":\"WebSite\",\"@id\":\"https:\\\/\\\/angelaie.com\\\/#website\",\"url\":\"https:\\\/\\\/angelaie.com\\\/\",\"name\":\"\u00c2ngela Impact Economy\",\"description\":\"\",\"potentialAction\":[{\"@type\":\"SearchAction\",\"target\":{\"@type\":\"EntryPoint\",\"urlTemplate\":\"https:\\\/\\\/angelaie.com\\\/?s={search_term_string}\"},\"query-input\":{\"@type\":\"PropertyValueSpecification\",\"valueRequired\":true,\"valueName\":\"search_term_string\"}}],\"inLanguage\":\"en-GB\"}]}<\/script>\n<!-- \/ Yoast SEO plugin. -->","yoast_head_json":{"title":"Programa de reporting y gesti\u00f3n de sostenibilidad corporativa - \u00c2ngela Impact Economy","robots":{"index":"index","follow":"follow","max-snippet":"max-snippet:-1","max-image-preview":"max-image-preview:large","max-video-preview":"max-video-preview:-1"},"canonical":"https:\/\/angelaie.com\/en\/programa-de-reporting-y-gestion-de-sostenibilidad-corporativa\/","og_locale":"en_GB","og_type":"article","og_title":"Programa de reporting y gesti\u00f3n de sostenibilidad corporativa - \u00c2ngela Impact Economy","og_description":"\u00c1ngela Impact Economy es una empresa dedicada a impulsar el cambio hacia un futuro empresarial sostenible. A trav\u00e9s de nuestro conocimiento y herramientas digitales, ayudamos a las organizaciones a integrar la sostenibilidad en su estrategia empresarial, garantizando el cumplimiento de normativas y maximizando el impacto social y medioambiental. Cumplir la normativa de sostenibilidad corporativa Consultor\u00eda [&hellip;]","og_url":"https:\/\/angelaie.com\/en\/programa-de-reporting-y-gestion-de-sostenibilidad-corporativa\/","og_site_name":"\u00c2ngela Impact Economy","article_modified_time":"2025-04-15T16:11:44+00:00","twitter_card":"summary_large_image","twitter_misc":{"Estimated reading time":"1 minute"},"schema":{"@context":"https:\/\/schema.org","@graph":[{"@type":"WebPage","@id":"https:\/\/angelaie.com\/programa-de-reporting-y-gestion-de-sostenibilidad-corporativa\/","url":"https:\/\/angelaie.com\/programa-de-reporting-y-gestion-de-sostenibilidad-corporativa\/","name":"Programa de reporting y gesti\u00f3n de sostenibilidad corporativa - \u00c2ngela Impact Economy","isPartOf":{"@id":"https:\/\/angelaie.com\/#website"},"datePublished":"2025-04-15T16:04:08+00:00","dateModified":"2025-04-15T16:11:44+00:00","breadcrumb":{"@id":"https:\/\/angelaie.com\/programa-de-reporting-y-gestion-de-sostenibilidad-corporativa\/#breadcrumb"},"inLanguage":"en-GB","potentialAction":[{"@type":"ReadAction","target":["https:\/\/angelaie.com\/programa-de-reporting-y-gestion-de-sostenibilidad-corporativa\/"]}]},{"@type":"BreadcrumbList","@id":"https:\/\/angelaie.com\/programa-de-reporting-y-gestion-de-sostenibilidad-corporativa\/#breadcrumb","itemListElement":[{"@type":"ListItem","position":1,"name":"Portada","item":"https:\/\/angelaie.com\/"},{"@type":"ListItem","position":2,"name":"Programa de reporting y gesti\u00f3n de sostenibilidad corporativa"}]},{"@type":"WebSite","@id":"https:\/\/angelaie.com\/#website","url":"https:\/\/angelaie.com\/","name":"\u00c2ngela Impact Economy","description":"","potentialAction":[{"@type":"SearchAction","target":{"@type":"EntryPoint","urlTemplate":"https:\/\/angelaie.com\/?s={search_term_string}"},"query-input":{"@type":"PropertyValueSpecification","valueRequired":true,"valueName":"search_term_string"}}],"inLanguage":"en-GB"}]}},"_links":{"self":[{"href":"https:\/\/angelaie.com\/en\/wp-json\/wp\/v2\/pages\/24571","targetHints":{"allow":["GET"]}}],"collection":[{"href":"https:\/\/angelaie.com\/en\/wp-json\/wp\/v2\/pages"}],"about":[{"href":"https:\/\/angelaie.com\/en\/wp-json\/wp\/v2\/types\/page"}],"author":[{"embeddable":true,"href":"https:\/\/angelaie.com\/en\/wp-json\/wp\/v2\/users\/2"}],"replies":[{"embeddable":true,"href":"https:\/\/angelaie.com\/en\/wp-json\/wp\/v2\/comments?post=24571"}],"version-history":[{"count":3,"href":"https:\/\/angelaie.com\/en\/wp-json\/wp\/v2\/pages\/24571\/revisions"}],"predecessor-version":[{"id":24583,"href":"https:\/\/angelaie.com\/en\/wp-json\/wp\/v2\/pages\/24571\/revisions\/24583"}],"wp:attachment":[{"href":"https:\/\/angelaie.com\/en\/wp-json\/wp\/v2\/media?parent=24571"}],"curies":[{"name":"wp","href":"https:\/\/api.w.org\/{rel}","templated":true}]}}