{"id":20763,"date":"2024-07-23T12:11:28","date_gmt":"2024-07-23T10:11:28","guid":{"rendered":"https:\/\/angelaie.com\/sobre-angela-copy\/"},"modified":"2024-10-18T13:39:15","modified_gmt":"2024-10-18T11:39:15","slug":"conocimiento","status":"publish","type":"page","link":"https:\/\/angelaie.com\/en\/conocimiento\/","title":{"rendered":"Conocimiento"},"content":{"rendered":"<div data-elementor-type=\"wp-page\" data-elementor-id=\"20763\" class=\"elementor elementor-20763\">\n\t\t\t\t<div class=\"elementor-element elementor-element-748bc6b e-flex e-con-boxed wcf-starter-animations-none e-con e-parent\" data-id=\"748bc6b\" data-element_type=\"container\" data-e-type=\"container\" data-settings=\"{&quot;wcf_enable_cursor_hover_effect_text&quot;:&quot;View&quot;,&quot;wcf-animation&quot;:&quot;none&quot;,&quot;wcf_pin_breakpoint&quot;:&quot;mobile&quot;}\">\n\t\t\t\t\t<div class=\"e-con-inner\">\n\t\t<div class=\"elementor-element elementor-element-e5c7a8b e-con-full e-flex wcf-starter-animations-none e-con e-child\" data-id=\"e5c7a8b\" data-element_type=\"container\" data-e-type=\"container\" data-settings=\"{&quot;wcf_enable_cursor_hover_effect_text&quot;:&quot;View&quot;,&quot;wcf-animation&quot;:&quot;none&quot;,&quot;wcf_pin_breakpoint&quot;:&quot;mobile&quot;}\">\n\t\t\t\t<div class=\"elementor-element elementor-element-acc8282 wcf-starter-animations-none wcf-t-animation-none elementor-widget elementor-widget-heading\" data-id=\"acc8282\" data-element_type=\"widget\" data-e-type=\"widget\" data-settings=\"{&quot;wcf-animation&quot;:&quot;fade&quot;,&quot;fade-from&quot;:&quot;bottom&quot;,&quot;data-duration&quot;:0.75,&quot;fade-offset&quot;:40,&quot;wcf_starter_animations&quot;:&quot;none&quot;,&quot;wcf_anim_duration&quot;:1000,&quot;wcf_anim_delay&quot;:0,&quot;wcf_anim_ease&quot;:&quot;ease&quot;,&quot;wcf_text_animation&quot;:&quot;none&quot;,&quot;delay&quot;:0.15,&quot;ease&quot;:&quot;power2.out&quot;}\" data-widget_type=\"heading.default\">\n\t\t\t\t<div class=\"elementor-widget-container\">\n\t\t\t\t\t<h1 class=\"elementor-heading-title elementor-size-default\">Generaci\u00f3n de conocimiento<\/h1>\t\t\t\t<\/div>\n\t\t\t\t<\/div>\n\t\t\t\t<\/div>\n\t\t<div class=\"elementor-element elementor-element-46c75db e-con-full e-flex wcf-starter-animations-none e-con e-child\" data-id=\"46c75db\" data-element_type=\"container\" data-e-type=\"container\" data-settings=\"{&quot;wcf_enable_cursor_hover_effect_text&quot;:&quot;View&quot;,&quot;wcf-animation&quot;:&quot;none&quot;,&quot;wcf_pin_breakpoint&quot;:&quot;mobile&quot;}\">\n\t\t\t\t<div class=\"elementor-element elementor-element-fd19c0d elementor-hidden-widescreen elementor-hidden-desktop elementor-hidden-laptop elementor-hidden-tablet_extra elementor-hidden-tablet elementor-hidden-mobile_extra elementor-hidden-mobile wcf-starter-animations-none elementor-widget elementor-widget-wcf--image\" data-id=\"fd19c0d\" data-element_type=\"widget\" data-e-type=\"widget\" data-settings=\"{&quot;wcf-animation&quot;:&quot;fade&quot;,&quot;delay&quot;:0.45,&quot;fade-from&quot;:&quot;bottom&quot;,&quot;data-duration&quot;:0.65,&quot;fade-offset&quot;:30,&quot;wcf_starter_animations&quot;:&quot;none&quot;,&quot;wcf_anim_duration&quot;:1000,&quot;wcf_anim_delay&quot;:0,&quot;wcf_anim_ease&quot;:&quot;ease&quot;,&quot;wcf-image-animation&quot;:&quot;none&quot;,&quot;on-scroll&quot;:1,&quot;ease&quot;:&quot;power2.out&quot;}\" data-widget_type=\"wcf--image.default\">\n\t\t\t\t<div class=\"elementor-widget-container\">\n\t\t\t\t\t\t\t<div class=\"wcf--image\">\r\n\t\t\t\t\t\t\t<img decoding=\"async\" width=\"160\" height=\"55\" src=\"https:\/\/angelaie.com\/wp-content\/uploads\/2024\/05\/client-img.webp\" class=\"attachment-full size-full wp-image-15917\" alt=\"\" \/>\t\t\t\t\t\t<\/div>\r\n\t\t\t\t\t\t<\/div>\n\t\t\t\t<\/div>\n\t\t\t\t<\/div>\n\t\t\t\t\t<\/div>\n\t\t\t\t<\/div>\n\t\t<div class=\"elementor-element elementor-element-7e51c32 e-flex e-con-boxed wcf-starter-animations-none e-con e-parent\" data-id=\"7e51c32\" data-element_type=\"container\" data-e-type=\"container\" data-settings=\"{&quot;background_background&quot;:&quot;classic&quot;,&quot;wcf_enable_cursor_hover_effect_text&quot;:&quot;View&quot;,&quot;wcf-animation&quot;:&quot;none&quot;,&quot;wcf_pin_breakpoint&quot;:&quot;mobile&quot;}\">\n\t\t\t\t\t<div class=\"e-con-inner\">\n\t\t<div class=\"elementor-element elementor-element-050ae90 e-con-full e-flex wcf-starter-animations-none e-con e-child\" data-id=\"050ae90\" data-element_type=\"container\" data-e-type=\"container\" data-settings=\"{&quot;wcf_enable_cursor_hover_effect_text&quot;:&quot;View&quot;,&quot;wcf-animation&quot;:&quot;none&quot;,&quot;wcf_pin_breakpoint&quot;:&quot;mobile&quot;}\">\n\t\t\t\t<div class=\"elementor-element elementor-element-cc0b3ac wcf-starter-animations-none wcf-t-animation-none elementor-widget elementor-widget-wcf--text\" data-id=\"cc0b3ac\" data-element_type=\"widget\" data-e-type=\"widget\" data-settings=\"{&quot;wcf_starter_animations&quot;:&quot;none&quot;,&quot;wcf_anim_duration&quot;:1000,&quot;wcf_anim_delay&quot;:0,&quot;wcf_anim_ease&quot;:&quot;ease&quot;,&quot;wcf_text_animation&quot;:&quot;none&quot;,&quot;wcf-animation&quot;:&quot;none&quot;}\" data-widget_type=\"wcf--text.default\">\n\t\t\t\t<div class=\"elementor-widget-container\">\n\t\t\t\t\t<div class=\"wcf--text\"><p class=\"p1\">En Angela IE seguimos de cerca la evoluci\u00f3n de la sostenibilidad corporativa en el \u00e1mbito regulatorio, financiero y competitivo.<\/p><\/div>\t\t\t\t<\/div>\n\t\t\t\t<\/div>\n\t\t\t\t<\/div>\n\t\t\t\t<div class=\"elementor-element elementor-element-ce2877a wcf-starter-animations-none wcf-t-animation-none elementor-widget elementor-widget-wcf--text\" data-id=\"ce2877a\" data-element_type=\"widget\" data-e-type=\"widget\" data-settings=\"{&quot;wcf_starter_animations&quot;:&quot;none&quot;,&quot;wcf_anim_duration&quot;:1000,&quot;wcf_anim_delay&quot;:0,&quot;wcf_anim_ease&quot;:&quot;ease&quot;,&quot;wcf_text_animation&quot;:&quot;none&quot;,&quot;wcf-animation&quot;:&quot;none&quot;}\" data-widget_type=\"wcf--text.default\">\n\t\t\t\t<div class=\"elementor-widget-container\">\n\t\t\t\t\t<div class=\"wcf--text\"><p class=\"p1\">Traducimos la informaci\u00f3n a nuestros clientes y entornos sobre las cuestiones clave a abordar con visi\u00f3n estrat\u00e9gica.<\/p><\/div>\t\t\t\t<\/div>\n\t\t\t\t<\/div>\n\t\t\t\t\t<\/div>\n\t\t\t\t<\/div>\n\t\t<div class=\"elementor-element elementor-element-feb6317 e-flex e-con-boxed wcf-starter-animations-none e-con e-parent\" data-id=\"feb6317\" data-element_type=\"container\" data-e-type=\"container\" data-settings=\"{&quot;wcf_enable_cursor_hover_effect_text&quot;:&quot;View&quot;,&quot;wcf-animation&quot;:&quot;none&quot;,&quot;wcf_pin_breakpoint&quot;:&quot;mobile&quot;}\">\n\t\t\t\t\t<div class=\"e-con-inner\">\n\t\t\t\t<div class=\"elementor-element elementor-element-400a247 wcf-starter-animations-none wcf-t-animation-none elementor-widget elementor-widget-heading\" data-id=\"400a247\" data-element_type=\"widget\" data-e-type=\"widget\" data-settings=\"{&quot;wcf-animation&quot;:&quot;fade&quot;,&quot;fade-from&quot;:&quot;bottom&quot;,&quot;data-duration&quot;:0.75,&quot;fade-offset&quot;:40,&quot;wcf_starter_animations&quot;:&quot;none&quot;,&quot;wcf_anim_duration&quot;:1000,&quot;wcf_anim_delay&quot;:0,&quot;wcf_anim_ease&quot;:&quot;ease&quot;,&quot;wcf_text_animation&quot;:&quot;none&quot;,&quot;delay&quot;:0.15,&quot;ease&quot;:&quot;power2.out&quot;}\" data-widget_type=\"heading.default\">\n\t\t\t\t<div class=\"elementor-widget-container\">\n\t\t\t\t\t<h4 class=\"elementor-heading-title elementor-size-default\">\u00daltimas publicaciones<\/h4>\t\t\t\t<\/div>\n\t\t\t\t<\/div>\n\t\t\t\t\t<\/div>\n\t\t\t\t<\/div>\n\t\t<div class=\"elementor-element elementor-element-d086415 e-grid e-con-boxed wcf-starter-animations-none e-con e-parent\" data-id=\"d086415\" data-element_type=\"container\" data-e-type=\"container\" data-settings=\"{&quot;wcf_enable_cursor_hover_effect_text&quot;:&quot;View&quot;,&quot;wcf-animation&quot;:&quot;none&quot;,&quot;wcf_pin_breakpoint&quot;:&quot;mobile&quot;}\">\n\t\t\t\t\t<div class=\"e-con-inner\">\n\t\t\t\t<div class=\"elementor-element elementor-element-b106423 wcf-starter-animations-none elementor-widget elementor-widget-image\" data-id=\"b106423\" data-element_type=\"widget\" data-e-type=\"widget\" data-settings=\"{&quot;wcf_starter_animations&quot;:&quot;none&quot;,&quot;wcf_anim_duration&quot;:1000,&quot;wcf_anim_delay&quot;:0,&quot;wcf_anim_ease&quot;:&quot;ease&quot;,&quot;wcf-image-animation&quot;:&quot;none&quot;,&quot;wcf-animation&quot;:&quot;none&quot;}\" data-widget_type=\"image.default\">\n\t\t\t\t<div class=\"elementor-widget-container\">\n\t\t\t\t\t\t\t\t\t\t\t\t\t\t\t\t<a href=\"https:\/\/angelaie.com\/wp-content\/uploads\/2024\/04\/Navegar-por-la-doble-materialidad-un-ejercicio-lleno-de-oportunidades.pdf\" target=\"_blank\">\n\t\t\t\t\t\t\t<img fetchpriority=\"high\" decoding=\"async\" width=\"800\" height=\"450\" src=\"https:\/\/angelaie.com\/wp-content\/uploads\/2024\/08\/Pdf1-1024x576.jpg\" class=\"attachment-large size-large wp-image-21289\" alt=\"\" srcset=\"https:\/\/angelaie.com\/wp-content\/uploads\/2024\/08\/Pdf1-1024x576.jpg 1024w, https:\/\/angelaie.com\/wp-content\/uploads\/2024\/08\/Pdf1-300x169.jpg 300w, https:\/\/angelaie.com\/wp-content\/uploads\/2024\/08\/Pdf1-768x432.jpg 768w, https:\/\/angelaie.com\/wp-content\/uploads\/2024\/08\/Pdf1-1536x864.jpg 1536w, https:\/\/angelaie.com\/wp-content\/uploads\/2024\/08\/Pdf1.jpg 1920w\" sizes=\"(max-width: 800px) 100vw, 800px\" \/>\t\t\t\t\t\t\t\t<\/a>\n\t\t\t\t\t\t\t\t\t\t\t\t\t\t\t<\/div>\n\t\t\t\t<\/div>\n\t\t\t\t<div class=\"elementor-element elementor-element-edb1373 wcf-starter-animations-none elementor-widget elementor-widget-image\" data-id=\"edb1373\" data-element_type=\"widget\" data-e-type=\"widget\" data-settings=\"{&quot;wcf_starter_animations&quot;:&quot;none&quot;,&quot;wcf_anim_duration&quot;:1000,&quot;wcf_anim_delay&quot;:0,&quot;wcf_anim_ease&quot;:&quot;ease&quot;,&quot;wcf-image-animation&quot;:&quot;none&quot;,&quot;wcf-animation&quot;:&quot;none&quot;}\" data-widget_type=\"image.default\">\n\t\t\t\t<div class=\"elementor-widget-container\">\n\t\t\t\t\t\t\t\t\t\t\t\t\t\t\t\t<a href=\"https:\/\/angelaie.com\/wp-content\/uploads\/2023\/05\/02_Impacto_e_implicaciones-1.pdf\" target=\"_blank\">\n\t\t\t\t\t\t\t<img decoding=\"async\" width=\"800\" height=\"450\" src=\"https:\/\/angelaie.com\/wp-content\/uploads\/2024\/08\/Pdf3-1024x576.png\" class=\"attachment-large size-large wp-image-21290\" alt=\"\" srcset=\"https:\/\/angelaie.com\/wp-content\/uploads\/2024\/08\/Pdf3-1024x576.png 1024w, https:\/\/angelaie.com\/wp-content\/uploads\/2024\/08\/Pdf3-300x169.png 300w\" sizes=\"(max-width: 800px) 100vw, 800px\" \/>\t\t\t\t\t\t\t\t<\/a>\n\t\t\t\t\t\t\t\t\t\t\t\t\t\t\t<\/div>\n\t\t\t\t<\/div>\n\t\t\t\t\t<\/div>\n\t\t\t\t<\/div>\n\t\t\t\t<\/div>","protected":false},"excerpt":{"rendered":"<p>Generaci\u00f3n de conocimiento En Angela IE seguimos de cerca la evoluci\u00f3n de la sostenibilidad corporativa en el \u00e1mbito regulatorio, financiero y competitivo. Traducimos la informaci\u00f3n a nuestros clientes y entornos sobre las cuestiones clave a abordar con visi\u00f3n estrat\u00e9gica. \u00daltimas publicaciones<\/p>","protected":false},"author":2,"featured_media":0,"parent":0,"menu_order":0,"comment_status":"closed","ping_status":"closed","template":"elementor_header_footer","meta":{"footnotes":""},"class_list":["post-20763","page","type-page","status-publish","hentry"],"yoast_head":"<!-- This site is optimized with the Yoast SEO plugin v27.4 - https:\/\/yoast.com\/product\/yoast-seo-wordpress\/ -->\n<title>Conocimiento - \u00c2ngela Impact Economy<\/title>\n<meta name=\"robots\" content=\"index, follow, max-snippet:-1, max-image-preview:large, max-video-preview:-1\" \/>\n<link rel=\"canonical\" href=\"https:\/\/angelaie.com\/en\/conocimiento\/\" \/>\n<meta property=\"og:locale\" content=\"en_GB\" \/>\n<meta property=\"og:type\" content=\"article\" \/>\n<meta property=\"og:title\" content=\"Conocimiento - \u00c2ngela Impact Economy\" \/>\n<meta property=\"og:description\" content=\"Generaci\u00f3n de conocimiento En Angela IE seguimos de cerca la evoluci\u00f3n de la sostenibilidad corporativa en el \u00e1mbito regulatorio, financiero y competitivo. Traducimos la informaci\u00f3n a nuestros clientes y entornos sobre las cuestiones clave a abordar con visi\u00f3n estrat\u00e9gica. \u00daltimas publicaciones\" \/>\n<meta property=\"og:url\" content=\"https:\/\/angelaie.com\/en\/conocimiento\/\" \/>\n<meta property=\"og:site_name\" content=\"\u00c2ngela Impact Economy\" \/>\n<meta property=\"article:modified_time\" content=\"2024-10-18T11:39:15+00:00\" \/>\n<meta property=\"og:image\" content=\"https:\/\/angelaie.com\/wp-content\/uploads\/2024\/05\/client-img.webp\" \/>\n\t<meta property=\"og:image:width\" content=\"160\" \/>\n\t<meta property=\"og:image:height\" content=\"55\" \/>\n\t<meta property=\"og:image:type\" content=\"image\/webp\" \/>\n<meta name=\"twitter:card\" content=\"summary_large_image\" \/>\n<script type=\"application\/ld+json\" class=\"yoast-schema-graph\">{\"@context\":\"https:\\\/\\\/schema.org\",\"@graph\":[{\"@type\":\"WebPage\",\"@id\":\"https:\\\/\\\/angelaie.com\\\/conocimiento\\\/\",\"url\":\"https:\\\/\\\/angelaie.com\\\/conocimiento\\\/\",\"name\":\"Conocimiento - \u00c2ngela Impact Economy\",\"isPartOf\":{\"@id\":\"https:\\\/\\\/angelaie.com\\\/#website\"},\"primaryImageOfPage\":{\"@id\":\"https:\\\/\\\/angelaie.com\\\/conocimiento\\\/#primaryimage\"},\"image\":{\"@id\":\"https:\\\/\\\/angelaie.com\\\/conocimiento\\\/#primaryimage\"},\"thumbnailUrl\":\"https:\\\/\\\/angelaie.com\\\/wp-content\\\/uploads\\\/2024\\\/05\\\/client-img.webp\",\"datePublished\":\"2024-07-23T10:11:28+00:00\",\"dateModified\":\"2024-10-18T11:39:15+00:00\",\"breadcrumb\":{\"@id\":\"https:\\\/\\\/angelaie.com\\\/conocimiento\\\/#breadcrumb\"},\"inLanguage\":\"en-GB\",\"potentialAction\":[{\"@type\":\"ReadAction\",\"target\":[\"https:\\\/\\\/angelaie.com\\\/conocimiento\\\/\"]}]},{\"@type\":\"ImageObject\",\"inLanguage\":\"en-GB\",\"@id\":\"https:\\\/\\\/angelaie.com\\\/conocimiento\\\/#primaryimage\",\"url\":\"https:\\\/\\\/angelaie.com\\\/wp-content\\\/uploads\\\/2024\\\/05\\\/client-img.webp\",\"contentUrl\":\"https:\\\/\\\/angelaie.com\\\/wp-content\\\/uploads\\\/2024\\\/05\\\/client-img.webp\"},{\"@type\":\"BreadcrumbList\",\"@id\":\"https:\\\/\\\/angelaie.com\\\/conocimiento\\\/#breadcrumb\",\"itemListElement\":[{\"@type\":\"ListItem\",\"position\":1,\"name\":\"Portada\",\"item\":\"https:\\\/\\\/angelaie.com\\\/\"},{\"@type\":\"ListItem\",\"position\":2,\"name\":\"Conocimiento\"}]},{\"@type\":\"WebSite\",\"@id\":\"https:\\\/\\\/angelaie.com\\\/#website\",\"url\":\"https:\\\/\\\/angelaie.com\\\/\",\"name\":\"\u00c2ngela Impact Economy\",\"description\":\"\",\"potentialAction\":[{\"@type\":\"SearchAction\",\"target\":{\"@type\":\"EntryPoint\",\"urlTemplate\":\"https:\\\/\\\/angelaie.com\\\/?s={search_term_string}\"},\"query-input\":{\"@type\":\"PropertyValueSpecification\",\"valueRequired\":true,\"valueName\":\"search_term_string\"}}],\"inLanguage\":\"en-GB\"}]}<\/script>\n<!-- \/ Yoast SEO plugin. -->","yoast_head_json":{"title":"Conocimiento - \u00c2ngela Impact Economy","robots":{"index":"index","follow":"follow","max-snippet":"max-snippet:-1","max-image-preview":"max-image-preview:large","max-video-preview":"max-video-preview:-1"},"canonical":"https:\/\/angelaie.com\/en\/conocimiento\/","og_locale":"en_GB","og_type":"article","og_title":"Conocimiento - \u00c2ngela Impact Economy","og_description":"Generaci\u00f3n de conocimiento En Angela IE seguimos de cerca la evoluci\u00f3n de la sostenibilidad corporativa en el \u00e1mbito regulatorio, financiero y competitivo. Traducimos la informaci\u00f3n a nuestros clientes y entornos sobre las cuestiones clave a abordar con visi\u00f3n estrat\u00e9gica. \u00daltimas publicaciones","og_url":"https:\/\/angelaie.com\/en\/conocimiento\/","og_site_name":"\u00c2ngela Impact Economy","article_modified_time":"2024-10-18T11:39:15+00:00","og_image":[{"width":160,"height":55,"url":"https:\/\/angelaie.com\/wp-content\/uploads\/2024\/05\/client-img.webp","type":"image\/webp"}],"twitter_card":"summary_large_image","schema":{"@context":"https:\/\/schema.org","@graph":[{"@type":"WebPage","@id":"https:\/\/angelaie.com\/conocimiento\/","url":"https:\/\/angelaie.com\/conocimiento\/","name":"Conocimiento - \u00c2ngela Impact Economy","isPartOf":{"@id":"https:\/\/angelaie.com\/#website"},"primaryImageOfPage":{"@id":"https:\/\/angelaie.com\/conocimiento\/#primaryimage"},"image":{"@id":"https:\/\/angelaie.com\/conocimiento\/#primaryimage"},"thumbnailUrl":"https:\/\/angelaie.com\/wp-content\/uploads\/2024\/05\/client-img.webp","datePublished":"2024-07-23T10:11:28+00:00","dateModified":"2024-10-18T11:39:15+00:00","breadcrumb":{"@id":"https:\/\/angelaie.com\/conocimiento\/#breadcrumb"},"inLanguage":"en-GB","potentialAction":[{"@type":"ReadAction","target":["https:\/\/angelaie.com\/conocimiento\/"]}]},{"@type":"ImageObject","inLanguage":"en-GB","@id":"https:\/\/angelaie.com\/conocimiento\/#primaryimage","url":"https:\/\/angelaie.com\/wp-content\/uploads\/2024\/05\/client-img.webp","contentUrl":"https:\/\/angelaie.com\/wp-content\/uploads\/2024\/05\/client-img.webp"},{"@type":"BreadcrumbList","@id":"https:\/\/angelaie.com\/conocimiento\/#breadcrumb","itemListElement":[{"@type":"ListItem","position":1,"name":"Portada","item":"https:\/\/angelaie.com\/"},{"@type":"ListItem","position":2,"name":"Conocimiento"}]},{"@type":"WebSite","@id":"https:\/\/angelaie.com\/#website","url":"https:\/\/angelaie.com\/","name":"\u00c2ngela Impact Economy","description":"","potentialAction":[{"@type":"SearchAction","target":{"@type":"EntryPoint","urlTemplate":"https:\/\/angelaie.com\/?s={search_term_string}"},"query-input":{"@type":"PropertyValueSpecification","valueRequired":true,"valueName":"search_term_string"}}],"inLanguage":"en-GB"}]}},"_links":{"self":[{"href":"https:\/\/angelaie.com\/en\/wp-json\/wp\/v2\/pages\/20763","targetHints":{"allow":["GET"]}}],"collection":[{"href":"https:\/\/angelaie.com\/en\/wp-json\/wp\/v2\/pages"}],"about":[{"href":"https:\/\/angelaie.com\/en\/wp-json\/wp\/v2\/types\/page"}],"author":[{"embeddable":true,"href":"https:\/\/angelaie.com\/en\/wp-json\/wp\/v2\/users\/2"}],"replies":[{"embeddable":true,"href":"https:\/\/angelaie.com\/en\/wp-json\/wp\/v2\/comments?post=20763"}],"version-history":[{"count":55,"href":"https:\/\/angelaie.com\/en\/wp-json\/wp\/v2\/pages\/20763\/revisions"}],"predecessor-version":[{"id":23503,"href":"https:\/\/angelaie.com\/en\/wp-json\/wp\/v2\/pages\/20763\/revisions\/23503"}],"wp:attachment":[{"href":"https:\/\/angelaie.com\/en\/wp-json\/wp\/v2\/media?parent=20763"}],"curies":[{"name":"wp","href":"https:\/\/api.w.org\/{rel}","templated":true}]}}