{"id":20732,"date":"2024-07-22T14:00:24","date_gmt":"2024-07-22T12:00:24","guid":{"rendered":"https:\/\/angelaie.com\/contact-copy\/"},"modified":"2024-10-18T13:41:50","modified_gmt":"2024-10-18T11:41:50","slug":"contacto","status":"publish","type":"page","link":"https:\/\/angelaie.com\/en\/contacto\/","title":{"rendered":"Contacto"},"content":{"rendered":"<div data-elementor-type=\"wp-page\" data-elementor-id=\"20732\" class=\"elementor elementor-20732\">\n\t\t\t\t<div class=\"elementor-element elementor-element-ed054a2 e-flex e-con-boxed wcf-starter-animations-none e-con e-parent\" data-id=\"ed054a2\" data-element_type=\"container\" data-e-type=\"container\" data-settings=\"{&quot;wcf_enable_cursor_hover_effect_text&quot;:&quot;View&quot;,&quot;wcf-animation&quot;:&quot;none&quot;,&quot;wcf_pin_breakpoint&quot;:&quot;mobile&quot;}\">\n\t\t\t\t\t<div class=\"e-con-inner\">\n\t\t<div class=\"elementor-element elementor-element-f6dbe2a e-con-full e-flex wcf-starter-animations-none e-con e-child\" data-id=\"f6dbe2a\" data-element_type=\"container\" data-e-type=\"container\" data-settings=\"{&quot;wcf_enable_cursor_hover_effect_text&quot;:&quot;View&quot;,&quot;wcf-animation&quot;:&quot;none&quot;,&quot;wcf_pin_breakpoint&quot;:&quot;mobile&quot;}\">\n\t\t\t\t<div class=\"elementor-element elementor-element-c52b99b elementor-widget__width-initial elementor-widget-mobile__width-inherit wcf-starter-animations-none wcf-t-animation-none elementor-widget elementor-widget-wcf--title\" data-id=\"c52b99b\" data-element_type=\"widget\" data-e-type=\"widget\" data-settings=\"{&quot;wcf-animation&quot;:&quot;fade&quot;,&quot;fade-from&quot;:&quot;bottom&quot;,&quot;data-duration&quot;:0.75,&quot;fade-offset&quot;:40,&quot;wcf_starter_animations&quot;:&quot;none&quot;,&quot;wcf_anim_duration&quot;:1000,&quot;wcf_anim_delay&quot;:0,&quot;wcf_anim_ease&quot;:&quot;ease&quot;,&quot;wcf_text_animation&quot;:&quot;none&quot;,&quot;delay&quot;:0.15,&quot;on-scroll&quot;:1,&quot;ease&quot;:&quot;power2.out&quot;}\" data-widget_type=\"wcf--title.default\">\n\t\t\t\t<div class=\"elementor-widget-container\">\n\t\t\t\t\t<h2 class=\"wcf--title\">Contacto<\/h2>\t\t\t\t<\/div>\n\t\t\t\t<\/div>\n\t\t\t\t<div class=\"elementor-element elementor-element-a7c16d1 elementor-widget__width-inherit elementor-widget-mobile__width-inherit wcf-starter-animations-none wcf-t-animation-none elementor-widget elementor-widget-wcf--title\" data-id=\"a7c16d1\" data-element_type=\"widget\" data-e-type=\"widget\" data-settings=\"{&quot;wcf-animation&quot;:&quot;fade&quot;,&quot;fade-from&quot;:&quot;bottom&quot;,&quot;data-duration&quot;:0.75,&quot;fade-offset&quot;:40,&quot;wcf_starter_animations&quot;:&quot;none&quot;,&quot;wcf_anim_duration&quot;:1000,&quot;wcf_anim_delay&quot;:0,&quot;wcf_anim_ease&quot;:&quot;ease&quot;,&quot;wcf_text_animation&quot;:&quot;none&quot;,&quot;delay&quot;:0.15,&quot;on-scroll&quot;:1,&quot;ease&quot;:&quot;power2.out&quot;}\" data-widget_type=\"wcf--title.default\">\n\t\t\t\t<div class=\"elementor-widget-container\">\n\t\t\t\t\t<h6 class=\"wcf--title\">Para lo que necesites<\/h6>\t\t\t\t<\/div>\n\t\t\t\t<\/div>\n\t\t\t\t<div class=\"elementor-element elementor-element-f8c4024 elementor-widget-divider--view-line elementor-widget elementor-widget-divider\" data-id=\"f8c4024\" data-element_type=\"widget\" data-e-type=\"widget\" data-settings=\"{&quot;wcf-animation&quot;:&quot;none&quot;}\" data-widget_type=\"divider.default\">\n\t\t\t\t<div class=\"elementor-widget-container\">\n\t\t\t\t\t\t\t<div class=\"elementor-divider\">\n\t\t\t<span class=\"elementor-divider-separator\">\n\t\t\t\t\t\t<\/span>\n\t\t<\/div>\n\t\t\t\t\t\t<\/div>\n\t\t\t\t<\/div>\n\t\t\t\t<div class=\"elementor-element elementor-element-79bdff7 wcf-starter-animations-none wcf-t-animation-none elementor-widget elementor-widget-wcf--text\" data-id=\"79bdff7\" data-element_type=\"widget\" data-e-type=\"widget\" data-settings=\"{&quot;wcf_starter_animations&quot;:&quot;none&quot;,&quot;wcf_anim_duration&quot;:1000,&quot;wcf_anim_delay&quot;:0,&quot;wcf_anim_ease&quot;:&quot;ease&quot;,&quot;wcf_text_animation&quot;:&quot;none&quot;,&quot;wcf-animation&quot;:&quot;none&quot;}\" data-widget_type=\"wcf--text.default\">\n\t\t\t\t<div class=\"elementor-widget-container\">\n\t\t\t\t\t<div class=\"wcf--text\"><p class=\"p1\">Te ayudamos a encontrar y adaptar la mejor soluci\u00f3n a tus necesidades. Rellena el formulario y nuestro equipo especializado contactar\u00e1 contigo a la mayor brevedad.<\/p><\/div>\t\t\t\t<\/div>\n\t\t\t\t<\/div>\n\t\t\t\t<\/div>\n\t\t<div class=\"elementor-element elementor-element-ea0a63b e-con-full e-flex wcf-starter-animations-none e-con e-child\" data-id=\"ea0a63b\" data-element_type=\"container\" data-e-type=\"container\" data-settings=\"{&quot;wcf_enable_cursor_hover_effect_text&quot;:&quot;View&quot;,&quot;wcf-animation&quot;:&quot;none&quot;,&quot;wcf_pin_breakpoint&quot;:&quot;mobile&quot;}\">\n\t\t\t\t<div class=\"elementor-element elementor-element-1c42cc0 wcf-starter-animations-none wcf-t-animation-none elementor-widget elementor-widget-wcf--title\" data-id=\"1c42cc0\" data-element_type=\"widget\" data-e-type=\"widget\" data-settings=\"{&quot;wcf-animation&quot;:&quot;fade&quot;,&quot;fade-from&quot;:&quot;bottom&quot;,&quot;data-duration&quot;:0.75,&quot;fade-offset&quot;:40,&quot;wcf_starter_animations&quot;:&quot;none&quot;,&quot;wcf_anim_duration&quot;:1000,&quot;wcf_anim_delay&quot;:0,&quot;wcf_anim_ease&quot;:&quot;ease&quot;,&quot;wcf_text_animation&quot;:&quot;none&quot;,&quot;delay&quot;:0.15,&quot;on-scroll&quot;:1,&quot;ease&quot;:&quot;power2.out&quot;}\" data-widget_type=\"wcf--title.default\">\n\t\t\t\t<div class=\"elementor-widget-container\">\n\t\t\t\t\t<h3 class=\"wcf--title\">Cont\u00e1ctanos:<\/h3>\t\t\t\t<\/div>\n\t\t\t\t<\/div>\n\t\t\t\t<div class=\"elementor-element elementor-element-322fc70 icon-position-after elementor-widget elementor-widget-wcf--contact-form-7\" data-id=\"322fc70\" data-element_type=\"widget\" data-e-type=\"widget\" data-settings=\"{&quot;wcf-animation&quot;:&quot;fade&quot;,&quot;fade-from&quot;:&quot;bottom&quot;,&quot;data-duration&quot;:0.75,&quot;fade-offset&quot;:40,&quot;delay&quot;:0.15,&quot;on-scroll&quot;:1,&quot;ease&quot;:&quot;power2.out&quot;}\" data-widget_type=\"wcf--contact-form-7.default\">\n\t\t\t\t<div class=\"elementor-widget-container\">\n\t\t\t\t\t        <style>\r\n            .wcf--form-wrapper form label {\r\n                display: block;\r\n            }\r\n        <\/style>\r\n        <div class=\"wcf--form-wrapper\" btn-hover=\"btn-hover-cross\" >\r\n\t\t\t\n<div class=\"wpcf7 no-js\" id=\"wpcf7-f15153-o1\" lang=\"en-US\" dir=\"ltr\" data-wpcf7-id=\"15153\">\n<div class=\"screen-reader-response\"><p role=\"status\" aria-live=\"polite\" aria-atomic=\"true\"><\/p> <ul><\/ul><\/div>\n<form action=\"\/en\/wp-json\/wp\/v2\/pages\/20732#wpcf7-f15153-o1\" method=\"post\" class=\"wpcf7-form init\" aria-label=\"Contact form\" novalidate=\"novalidate\" data-status=\"init\" data-trp-original-action=\"\/en\/wp-json\/wp\/v2\/pages\/20732#wpcf7-f15153-o1\">\n<fieldset class=\"hidden-fields-container\"><input type=\"hidden\" name=\"_wpcf7\" value=\"15153\" \/><input type=\"hidden\" name=\"_wpcf7_version\" value=\"6.1.5\" \/><input type=\"hidden\" name=\"_wpcf7_locale\" value=\"en_US\" \/><input type=\"hidden\" name=\"_wpcf7_unit_tag\" value=\"wpcf7-f15153-o1\" \/><input type=\"hidden\" name=\"_wpcf7_container_post\" value=\"0\" \/><input type=\"hidden\" name=\"_wpcf7_posted_data_hash\" value=\"\" \/><input type=\"hidden\" name=\"_wpcf7_recaptcha_response\" value=\"\" \/>\n<\/fieldset>\n<div class=\"row\">\n\t<div class=\"col-lg-12\">\n\t\t<p><span class=\"wpcf7-form-control-wrap\" data-name=\"text-name\"><input size=\"40\" maxlength=\"400\" class=\"wpcf7-form-control wpcf7-text wpcf7-validates-as-required\" aria-required=\"true\" aria-invalid=\"false\" placeholder=\"Nombre\" value=\"\" type=\"text\" name=\"text-name\" \/><\/span>\n\t\t<\/p>\n\t<\/div>\n\t<div class=\"col-lg-12\">\n\t\t<p><span class=\"wpcf7-form-control-wrap\" data-name=\"email\"><input size=\"40\" maxlength=\"400\" class=\"wpcf7-form-control wpcf7-email wpcf7-validates-as-required wpcf7-text wpcf7-validates-as-email\" aria-required=\"true\" aria-invalid=\"false\" placeholder=\"Email\" value=\"\" type=\"email\" name=\"email\" \/><\/span>\n\t\t<\/p>\n\t<\/div>\n\t<div class=\"col-lg-12\">\n\t\t<p><span class=\"wpcf7-form-control-wrap\" data-name=\"phone\"><input size=\"40\" maxlength=\"400\" class=\"wpcf7-form-control wpcf7-tel wpcf7-validates-as-required wpcf7-text wpcf7-validates-as-tel\" aria-required=\"true\" aria-invalid=\"false\" placeholder=\"Tel\u00e9fono\" value=\"\" type=\"tel\" name=\"phone\" \/><\/span>\n\t\t<\/p>\n\t<\/div>\n\t<div class=\"col-lg-12\">\n\t\t<p><span class=\"wpcf7-form-control-wrap\" data-name=\"field-asunto\"><input size=\"40\" maxlength=\"400\" class=\"wpcf7-form-control wpcf7-text wpcf7-validates-as-required\" aria-required=\"true\" aria-invalid=\"false\" placeholder=\"Asunto\" value=\"\" type=\"text\" name=\"field-asunto\" \/><\/span>\n\t\t<\/p>\n\t<\/div>\n\t<div class=\"col-lg-12\">\n\t\t<p><span class=\"wpcf7-form-control-wrap\" data-name=\"textarea-mansaje\"><textarea cols=\"40\" rows=\"10\" maxlength=\"2000\" class=\"wpcf7-form-control wpcf7-textarea wpcf7-validates-as-required\" aria-required=\"true\" aria-invalid=\"false\" placeholder=\"Mensaje...\" name=\"textarea-mansaje\"><\/textarea><\/span>\n\t\t<\/p>\n\t<\/div>\n\t<p class=\"form\" >Informaci\u00f3n b\u00e1sica de protecci\u00f3n de datos: Responsable del tratamiento: ATTRIM IMPACT TECHNOLOGY GROUP, SL Finalidad: Gestionar la respuesta a las consultas o peticiones planteadas a trav\u00e9s de este formulario contact\u00e1ndole por correo electr\u00f3nico y, solo si Ud. lo consiente, enviarle informaci\u00f3n de otros productos y servicios de las empresas que forman parte de ATTRIM Group. Legitimaci\u00f3n: Consentimiento expl\u00edcito. Destinatarios: No se comunican sus datos a terceros. Solo si Ud. lo consiente se comunicar\u00e1n sus datos a las otras empresas de ATTRIM Group a los efectos de enviarle informaci\u00f3n sobre sus productos y servicios, puntualmente o mediante suscripci\u00f3n a la newsletter. Transferencias internacionales: no se realizan. Plazo de conservaci\u00f3n: Mientras no se solicite la supresi\u00f3n de sus datos, as\u00ed como durante los plazos legales de prescripci\u00f3n. Ejercicio de derechos: privacy@attrim.com En caso de no ver atendido el ejercicio de sus derechos, puede presentar una reclamaci\u00f3n en la Agencia Espa\u00f1ola de Protecci\u00f3n de Datos (www.aepd.es). M\u00e1s informaci\u00f3n: <a href=\"https:\/\/angelaie.com\/en\/politica-de-privacidad\/\">Pol\u00edtica de Privacidad<\/a>.\n\t<\/p>\n\t<p><span class=\"wpcf7-form-control-wrap\" data-name=\"acceptance-120\"><span class=\"wpcf7-form-control wpcf7-acceptance\"><span class=\"wpcf7-list-item\"><label><input type=\"checkbox\" name=\"acceptance-120\" value=\"1\" aria-invalid=\"false\" \/><span class=\"wpcf7-list-item-label\">Consiento el tratamiento de mis datos personales para la finalidad informada.<\/span><\/label><\/span><\/span><\/span>\n\t<\/p>\n\t<p><span class=\"wpcf7-form-control-wrap\" data-name=\"acceptance-514\"><span class=\"wpcf7-form-control wpcf7-acceptance optional\"><span class=\"wpcf7-list-item\"><label><input type=\"checkbox\" name=\"acceptance-514\" value=\"1\" aria-invalid=\"false\" \/><span class=\"wpcf7-list-item-label\">Consiento el tratamiento recibir informaci\u00f3n comercial de productos y servicios de otras empresas de ATTRIM Group distintas de \u00e9sta y de ANGELA IMPACT ECONOMY SL, incluso mediante suscripci\u00f3n a la newsletter.<\/span><\/label><\/span><\/span><\/span>\n\t<\/p>\n\t<div class=\"\">\n\t\t<p><input class=\"wpcf7-form-control wpcf7-submit has-spinner\" type=\"submit\" value=\"Enviar\" \/>\n\t\t<\/p>\n\t<\/div>\n<\/div><input type='hidden' class='wpcf7-pum' value='{\"closepopup\":false,\"closedelay\":0,\"openpopup\":false,\"openpopup_id\":0}' \/><div class=\"wpcf7-response-output\" aria-hidden=\"true\"><\/div>\n<input type=\"hidden\" name=\"trp-form-language\" value=\"en\"\/><\/form>\n<\/div>\n            <div class=\"btn-icon elementor-screen-only\">\r\n\t\t\t\t            <\/div>\r\n        <\/div>\r\n\r\n\t\t\t\t\t\t<\/div>\n\t\t\t\t<\/div>\n\t\t\t\t<\/div>\n\t\t\t\t\t<\/div>\n\t\t\t\t<\/div>\n\t\t<div class=\"elementor-element elementor-element-6cf8f30 e-flex e-con-boxed wcf-starter-animations-none e-con e-parent\" data-id=\"6cf8f30\" data-element_type=\"container\" data-e-type=\"container\" data-settings=\"{&quot;background_background&quot;:&quot;classic&quot;,&quot;wcf_enable_cursor_hover_effect_text&quot;:&quot;View&quot;,&quot;wcf-animation&quot;:&quot;none&quot;,&quot;wcf_pin_breakpoint&quot;:&quot;mobile&quot;}\">\n\t\t\t\t\t<div class=\"e-con-inner\">\n\t\t<div class=\"elementor-element elementor-element-00827bb e-con-full e-flex wcf-starter-animations-none e-con e-child\" data-id=\"00827bb\" data-element_type=\"container\" data-e-type=\"container\" data-settings=\"{&quot;wcf_enable_cursor_hover_effect_text&quot;:&quot;View&quot;,&quot;wcf-animation&quot;:&quot;none&quot;,&quot;wcf_pin_breakpoint&quot;:&quot;mobile&quot;}\">\n\t\t\t\t<div class=\"elementor-element elementor-element-cf5fcc2 elementor-widget__width-initial elementor-widget-mobile__width-inherit wcf-starter-animations-none wcf-t-animation-none elementor-widget elementor-widget-wcf--title\" data-id=\"cf5fcc2\" data-element_type=\"widget\" data-e-type=\"widget\" data-settings=\"{&quot;wcf-animation&quot;:&quot;fade&quot;,&quot;fade-from&quot;:&quot;bottom&quot;,&quot;data-duration&quot;:0.75,&quot;fade-offset&quot;:40,&quot;wcf_starter_animations&quot;:&quot;none&quot;,&quot;wcf_anim_duration&quot;:1000,&quot;wcf_anim_delay&quot;:0,&quot;wcf_anim_ease&quot;:&quot;ease&quot;,&quot;wcf_text_animation&quot;:&quot;none&quot;,&quot;delay&quot;:0.15,&quot;ease&quot;:&quot;power2.out&quot;}\" data-widget_type=\"wcf--title.default\">\n\t\t\t\t<div class=\"elementor-widget-container\">\n\t\t\t\t\t<h1 class=\"wcf--title\">D\u00f3nde estamos<\/h1>\t\t\t\t<\/div>\n\t\t\t\t<\/div>\n\t\t\t\t<div class=\"elementor-element elementor-element-558f305 elementor-widget-tablet_extra__width-initial elementor-widget-mobile__width-inherit elementor-hidden-tablet wcf-starter-animations-none elementor-widget elementor-widget-wcf--image\" data-id=\"558f305\" data-element_type=\"widget\" data-e-type=\"widget\" data-settings=\"{&quot;wcf-image-animation&quot;:&quot;reveal&quot;,&quot;wcf_starter_animations&quot;:&quot;none&quot;,&quot;wcf_anim_duration&quot;:1000,&quot;wcf_anim_delay&quot;:0,&quot;wcf_anim_ease&quot;:&quot;ease&quot;,&quot;image-ease&quot;:&quot;power2.out&quot;,&quot;wcf-animation&quot;:&quot;none&quot;}\" data-widget_type=\"wcf--image.default\">\n\t\t\t\t<div class=\"elementor-widget-container\">\n\t\t\t\t\t\t\t<div class=\"wcf--image\">\r\n\t\t\t\t\t\t\t<img decoding=\"async\" width=\"331\" height=\"42\" src=\"https:\/\/angelaie.com\/wp-content\/uploads\/2024\/05\/long-arrow.webp\" class=\"attachment-full size-full wp-image-15355\" alt=\"\" srcset=\"https:\/\/angelaie.com\/wp-content\/uploads\/2024\/05\/long-arrow.webp 331w, https:\/\/angelaie.com\/wp-content\/uploads\/2024\/05\/long-arrow-300x38.webp 300w\" sizes=\"(max-width: 331px) 100vw, 331px\" \/>\t\t\t\t\t\t<\/div>\r\n\t\t\t\t\t\t<\/div>\n\t\t\t\t<\/div>\n\t\t\t\t<div class=\"elementor-element elementor-element-6010553 elementor-widget__width-initial elementor-widget-mobile__width-inherit wcf-starter-animations-none wcf-t-animation-none elementor-widget elementor-widget-wcf--text\" data-id=\"6010553\" data-element_type=\"widget\" data-e-type=\"widget\" data-settings=\"{&quot;wcf-animation&quot;:&quot;fade&quot;,&quot;fade-from&quot;:&quot;bottom&quot;,&quot;data-duration&quot;:0.75,&quot;fade-offset&quot;:40,&quot;wcf_starter_animations&quot;:&quot;none&quot;,&quot;wcf_anim_duration&quot;:1000,&quot;wcf_anim_delay&quot;:0,&quot;wcf_anim_ease&quot;:&quot;ease&quot;,&quot;wcf_text_animation&quot;:&quot;none&quot;,&quot;delay&quot;:0.15,&quot;ease&quot;:&quot;power2.out&quot;}\" data-widget_type=\"wcf--text.default\">\n\t\t\t\t<div class=\"elementor-widget-container\">\n\t\t\t\t\t<div class=\"wcf--text\"><p class=\"p1\">Calle Hospital 2, piso 7\u00ba puerta 4\u00aa <\/br> 46001 Valencia<\/p>\n<a href=\"\/en\/info@angelaie.com\/\"> info@angelaie.com <\/a><\/br><\/br>\n<a href=\"tel:+34963512006\">963512006<\/a><\/div>\t\t\t\t<\/div>\n\t\t\t\t<\/div>\n\t\t\t\t<\/div>\n\t\t<div class=\"elementor-element elementor-element-e6d304f e-con-full e-flex wcf-starter-animations-none e-con e-child\" data-id=\"e6d304f\" data-element_type=\"container\" data-e-type=\"container\" data-settings=\"{&quot;wcf_enable_cursor_hover_effect_text&quot;:&quot;View&quot;,&quot;wcf-animation&quot;:&quot;none&quot;,&quot;wcf_pin_breakpoint&quot;:&quot;mobile&quot;}\">\n\t\t\t\t<div class=\"elementor-element elementor-element-dfa3a27 elementor-widget elementor-widget-google_maps\" data-id=\"dfa3a27\" data-element_type=\"widget\" data-e-type=\"widget\" data-settings=\"{&quot;wcf-animation&quot;:&quot;fade&quot;,&quot;fade-from&quot;:&quot;bottom&quot;,&quot;data-duration&quot;:0.75,&quot;fade-offset&quot;:40,&quot;delay&quot;:0.15,&quot;ease&quot;:&quot;power2.out&quot;}\" data-widget_type=\"google_maps.default\">\n\t\t\t\t<div class=\"elementor-widget-container\">\n\t\t\t\t\t\t\t<div class=\"elementor-custom-embed\">\n\t\t\t<iframe loading=\"lazy\"\n\t\t\t\t\tsrc=\"https:\/\/maps.google.com\/maps?q=Calle%20Hospital%202%2C%20piso%207%C2%BA%20puerta%204%C2%AA%2046001%20Valencia&#038;t=m&#038;z=12&#038;output=embed&#038;iwloc=near\"\n\t\t\t\t\ttitle=\"Calle Hospital 2, piso 7\u00ba puerta 4\u00aa 46001 Valencia\"\n\t\t\t\t\taria-label=\"Calle Hospital 2, piso 7\u00ba puerta 4\u00aa 46001 Valencia\"\n\t\t\t><\/iframe>\n\t\t<\/div>\n\t\t\t\t\t\t<\/div>\n\t\t\t\t<\/div>\n\t\t\t\t<\/div>\n\t\t\t\t\t<\/div>\n\t\t\t\t<\/div>\n\t\t\t\t<\/div>","protected":false},"excerpt":{"rendered":"<p>Contacto Para lo que necesites Te ayudamos a encontrar y adaptar la mejor soluci\u00f3n a tus necesidades. Rellena el formulario y nuestro equipo especializado contactar\u00e1 contigo a la mayor brevedad. Cont\u00e1ctanos: D\u00f3nde estamos Calle Hospital 2, piso 7\u00ba puerta 4\u00aa 46001 Valencia info@angelaie.com 963512006<\/p>","protected":false},"author":2,"featured_media":0,"parent":0,"menu_order":0,"comment_status":"closed","ping_status":"closed","template":"elementor_header_footer","meta":{"footnotes":""},"class_list":["post-20732","page","type-page","status-publish","hentry"],"yoast_head":"<!-- This site is optimized with the Yoast SEO plugin v27.4 - https:\/\/yoast.com\/product\/yoast-seo-wordpress\/ -->\n<title>Contacto - \u00c2ngela Impact Economy<\/title>\n<meta name=\"robots\" content=\"index, follow, max-snippet:-1, max-image-preview:large, max-video-preview:-1\" \/>\n<link rel=\"canonical\" href=\"https:\/\/angelaie.com\/en\/contacto\/\" \/>\n<meta property=\"og:locale\" content=\"en_GB\" \/>\n<meta property=\"og:type\" content=\"article\" \/>\n<meta property=\"og:title\" content=\"Contacto - \u00c2ngela Impact Economy\" \/>\n<meta property=\"og:description\" content=\"Contacto Para lo que necesites Te ayudamos a encontrar y adaptar la mejor soluci\u00f3n a tus necesidades. Rellena el formulario y nuestro equipo especializado contactar\u00e1 contigo a la mayor brevedad. Cont\u00e1ctanos: D\u00f3nde estamos Calle Hospital 2, piso 7\u00ba puerta 4\u00aa 46001 Valencia info@angelaie.com 963512006\" \/>\n<meta property=\"og:url\" content=\"https:\/\/angelaie.com\/en\/contacto\/\" \/>\n<meta property=\"og:site_name\" content=\"\u00c2ngela Impact Economy\" \/>\n<meta property=\"article:modified_time\" content=\"2024-10-18T11:41:50+00:00\" \/>\n<meta property=\"og:image\" content=\"https:\/\/angelaie.com\/wp-content\/uploads\/2024\/05\/long-arrow.webp\" \/>\n\t<meta property=\"og:image:width\" content=\"331\" \/>\n\t<meta property=\"og:image:height\" content=\"42\" \/>\n\t<meta property=\"og:image:type\" content=\"image\/webp\" \/>\n<meta name=\"twitter:card\" content=\"summary_large_image\" \/>\n<script type=\"application\/ld+json\" class=\"yoast-schema-graph\">{\"@context\":\"https:\\\/\\\/schema.org\",\"@graph\":[{\"@type\":\"WebPage\",\"@id\":\"https:\\\/\\\/angelaie.com\\\/contacto\\\/\",\"url\":\"https:\\\/\\\/angelaie.com\\\/contacto\\\/\",\"name\":\"Contacto - \u00c2ngela Impact Economy\",\"isPartOf\":{\"@id\":\"https:\\\/\\\/angelaie.com\\\/#website\"},\"primaryImageOfPage\":{\"@id\":\"https:\\\/\\\/angelaie.com\\\/contacto\\\/#primaryimage\"},\"image\":{\"@id\":\"https:\\\/\\\/angelaie.com\\\/contacto\\\/#primaryimage\"},\"thumbnailUrl\":\"https:\\\/\\\/angelaie.com\\\/wp-content\\\/uploads\\\/2024\\\/05\\\/long-arrow.webp\",\"datePublished\":\"2024-07-22T12:00:24+00:00\",\"dateModified\":\"2024-10-18T11:41:50+00:00\",\"breadcrumb\":{\"@id\":\"https:\\\/\\\/angelaie.com\\\/contacto\\\/#breadcrumb\"},\"inLanguage\":\"en-GB\",\"potentialAction\":[{\"@type\":\"ReadAction\",\"target\":[\"https:\\\/\\\/angelaie.com\\\/contacto\\\/\"]}]},{\"@type\":\"ImageObject\",\"inLanguage\":\"en-GB\",\"@id\":\"https:\\\/\\\/angelaie.com\\\/contacto\\\/#primaryimage\",\"url\":\"https:\\\/\\\/angelaie.com\\\/wp-content\\\/uploads\\\/2024\\\/05\\\/long-arrow.webp\",\"contentUrl\":\"https:\\\/\\\/angelaie.com\\\/wp-content\\\/uploads\\\/2024\\\/05\\\/long-arrow.webp\"},{\"@type\":\"BreadcrumbList\",\"@id\":\"https:\\\/\\\/angelaie.com\\\/contacto\\\/#breadcrumb\",\"itemListElement\":[{\"@type\":\"ListItem\",\"position\":1,\"name\":\"Portada\",\"item\":\"https:\\\/\\\/angelaie.com\\\/\"},{\"@type\":\"ListItem\",\"position\":2,\"name\":\"Contacto\"}]},{\"@type\":\"WebSite\",\"@id\":\"https:\\\/\\\/angelaie.com\\\/#website\",\"url\":\"https:\\\/\\\/angelaie.com\\\/\",\"name\":\"\u00c2ngela Impact Economy\",\"description\":\"\",\"potentialAction\":[{\"@type\":\"SearchAction\",\"target\":{\"@type\":\"EntryPoint\",\"urlTemplate\":\"https:\\\/\\\/angelaie.com\\\/?s={search_term_string}\"},\"query-input\":{\"@type\":\"PropertyValueSpecification\",\"valueRequired\":true,\"valueName\":\"search_term_string\"}}],\"inLanguage\":\"en-GB\"}]}<\/script>\n<!-- \/ Yoast SEO plugin. -->","yoast_head_json":{"title":"Contacto - \u00c2ngela Impact Economy","robots":{"index":"index","follow":"follow","max-snippet":"max-snippet:-1","max-image-preview":"max-image-preview:large","max-video-preview":"max-video-preview:-1"},"canonical":"https:\/\/angelaie.com\/en\/contacto\/","og_locale":"en_GB","og_type":"article","og_title":"Contacto - \u00c2ngela Impact Economy","og_description":"Contacto Para lo que necesites Te ayudamos a encontrar y adaptar la mejor soluci\u00f3n a tus necesidades. Rellena el formulario y nuestro equipo especializado contactar\u00e1 contigo a la mayor brevedad. Cont\u00e1ctanos: D\u00f3nde estamos Calle Hospital 2, piso 7\u00ba puerta 4\u00aa 46001 Valencia info@angelaie.com 963512006","og_url":"https:\/\/angelaie.com\/en\/contacto\/","og_site_name":"\u00c2ngela Impact Economy","article_modified_time":"2024-10-18T11:41:50+00:00","og_image":[{"width":331,"height":42,"url":"https:\/\/angelaie.com\/wp-content\/uploads\/2024\/05\/long-arrow.webp","type":"image\/webp"}],"twitter_card":"summary_large_image","schema":{"@context":"https:\/\/schema.org","@graph":[{"@type":"WebPage","@id":"https:\/\/angelaie.com\/contacto\/","url":"https:\/\/angelaie.com\/contacto\/","name":"Contacto - \u00c2ngela Impact Economy","isPartOf":{"@id":"https:\/\/angelaie.com\/#website"},"primaryImageOfPage":{"@id":"https:\/\/angelaie.com\/contacto\/#primaryimage"},"image":{"@id":"https:\/\/angelaie.com\/contacto\/#primaryimage"},"thumbnailUrl":"https:\/\/angelaie.com\/wp-content\/uploads\/2024\/05\/long-arrow.webp","datePublished":"2024-07-22T12:00:24+00:00","dateModified":"2024-10-18T11:41:50+00:00","breadcrumb":{"@id":"https:\/\/angelaie.com\/contacto\/#breadcrumb"},"inLanguage":"en-GB","potentialAction":[{"@type":"ReadAction","target":["https:\/\/angelaie.com\/contacto\/"]}]},{"@type":"ImageObject","inLanguage":"en-GB","@id":"https:\/\/angelaie.com\/contacto\/#primaryimage","url":"https:\/\/angelaie.com\/wp-content\/uploads\/2024\/05\/long-arrow.webp","contentUrl":"https:\/\/angelaie.com\/wp-content\/uploads\/2024\/05\/long-arrow.webp"},{"@type":"BreadcrumbList","@id":"https:\/\/angelaie.com\/contacto\/#breadcrumb","itemListElement":[{"@type":"ListItem","position":1,"name":"Portada","item":"https:\/\/angelaie.com\/"},{"@type":"ListItem","position":2,"name":"Contacto"}]},{"@type":"WebSite","@id":"https:\/\/angelaie.com\/#website","url":"https:\/\/angelaie.com\/","name":"\u00c2ngela Impact Economy","description":"","potentialAction":[{"@type":"SearchAction","target":{"@type":"EntryPoint","urlTemplate":"https:\/\/angelaie.com\/?s={search_term_string}"},"query-input":{"@type":"PropertyValueSpecification","valueRequired":true,"valueName":"search_term_string"}}],"inLanguage":"en-GB"}]}},"_links":{"self":[{"href":"https:\/\/angelaie.com\/en\/wp-json\/wp\/v2\/pages\/20732","targetHints":{"allow":["GET"]}}],"collection":[{"href":"https:\/\/angelaie.com\/en\/wp-json\/wp\/v2\/pages"}],"about":[{"href":"https:\/\/angelaie.com\/en\/wp-json\/wp\/v2\/types\/page"}],"author":[{"embeddable":true,"href":"https:\/\/angelaie.com\/en\/wp-json\/wp\/v2\/users\/2"}],"replies":[{"embeddable":true,"href":"https:\/\/angelaie.com\/en\/wp-json\/wp\/v2\/comments?post=20732"}],"version-history":[{"count":49,"href":"https:\/\/angelaie.com\/en\/wp-json\/wp\/v2\/pages\/20732\/revisions"}],"predecessor-version":[{"id":23512,"href":"https:\/\/angelaie.com\/en\/wp-json\/wp\/v2\/pages\/20732\/revisions\/23512"}],"wp:attachment":[{"href":"https:\/\/angelaie.com\/en\/wp-json\/wp\/v2\/media?parent=20732"}],"curies":[{"name":"wp","href":"https:\/\/api.w.org\/{rel}","templated":true}]}}